{"id":11792,"date":"2026-02-06T15:35:55","date_gmt":"2026-02-06T14:35:55","guid":{"rendered":"https:\/\/karitativ.hu\/?page_id=11792"},"modified":"2026-03-07T15:53:40","modified_gmt":"2026-03-07T14:53:40","slug":"recipes","status":"publish","type":"page","link":"https:\/\/karitativ.hu\/en\/nehany-recept\/","title":{"rendered":"Recipes"},"content":{"rendered":"<div data-elementor-type=\"wp-page\" data-elementor-id=\"11792\" class=\"elementor elementor-11792\" data-elementor-post-type=\"page\">\n\t\t\t\t<div class=\"elementor-element elementor-element-0178314 e-flex e-con-boxed e-con e-parent\" data-id=\"0178314\" data-element_type=\"container\" data-e-type=\"container\">\n\t\t\t\t\t<div class=\"e-con-inner\">\n\t\t\t\t<div class=\"elementor-element elementor-element-1275381 elementor-widget elementor-widget-image\" data-id=\"1275381\" data-element_type=\"widget\" data-e-type=\"widget\" data-widget_type=\"image.default\">\n\t\t\t\t<div class=\"elementor-widget-container\">\n\t\t\t\t\t\t\t\t\t\t\t\t\t\t\t<img fetchpriority=\"high\" decoding=\"async\" width=\"768\" height=\"773\" src=\"https:\/\/karitativ.hu\/wp-content\/uploads\/2026\/02\/Kepernyofoto-2025-05-08-9.05.22-e1770377526962-768x773.png\" class=\"attachment-medium_large size-medium_large wp-image-11809\" alt=\"\" srcset=\"https:\/\/karitativ.hu\/wp-content\/uploads\/2026\/02\/Kepernyofoto-2025-05-08-9.05.22-e1770377526962-768x773.png 768w, https:\/\/karitativ.hu\/wp-content\/uploads\/2026\/02\/Kepernyofoto-2025-05-08-9.05.22-e1770377526962-298x300.png 298w, https:\/\/karitativ.hu\/wp-content\/uploads\/2026\/02\/Kepernyofoto-2025-05-08-9.05.22-e1770377526962-150x150.png 150w\" sizes=\"(max-width: 768px) 100vw, 768px\" \/>\t\t\t\t\t\t\t\t\t\t\t\t\t\t\t<\/div>\n\t\t\t\t<\/div>\n\t\t\t\t<div class=\"elementor-element elementor-element-da15247 elementor-widget elementor-widget-text-editor\" data-id=\"da15247\" data-element_type=\"widget\" data-e-type=\"widget\" data-widget_type=\"text-editor.default\">\n\t\t\t\t<div class=\"elementor-widget-container\">\n\t\t\t\t\t\t\t\t\t<h4><strong>Mexican baby pasta<\/strong><\/h4><p>Vegetarian Mexican bean pasta is much easier to make than it is to make from scratch.<\/p><p><strong>Ingredients:<\/strong><br \/>Ceruzabab: 400 g<br \/>Pritamin cube: 50 g<br \/>Maize: 300 g<br \/>Canned beans: 1 tin (approx. 400 g)<br \/>Flour: 50 g<br \/>Oil: 3 tablespoons<\/p><p>Red pepper: 1 teaspoon<br \/>Salt: 1 tablespoon (to taste)<br \/>Ground pepper: 1 pinch<br \/>Hing: 1 g (optional)<br \/>Sour cream: 200 ml<br \/>Fusilli pasta: 400 g<br \/>Smoke flavouring: 2 ml (optional)<\/p><p><strong>Preparation:<\/strong><\/p><p>1. Prepare the vegetables and the cooking base: I put water in a saucepan (about 2 litres),<br \/>then I add the pencil beans, the pritamin cubes and the corn. Season with salt,<br \/>and cook over medium heat until the vegetables are tender. If canned<br \/>I use corn, I just add it at the end of cooking with the canned beans.<\/p><p>2. Prepare the breadcrumbs: heat the oil in a pan, add the flour,<br \/>and fry until light brown. Remove from the heat and add the red pepper,<br \/>and dilute with cold water until lump-free.<\/p><p>3. Pour in the stock and season: pour the stock into the vegetables cooking in the pan,<br \/>then add the canned beans, sour cream, and a little hing to taste and<br \/>smoke flavour. Mix everything well and continue cooking over a slow fire.<\/p><p>4. Add the pasta and finish: pour in the fusilli pasta and cook until done,<br \/>until tender (I know it will take longer in the heat, so I don't cook it<br \/>too). If necessary, I use boiling water to adjust the consistency of the broth. Finally, season with salt and pepper<br \/>and let it rest for a few minutes before serving.<br \/>This soup with 400 g of pasta is really filling, perfect for a hearty lunch or<br \/>for dinner.<br \/>We offer. After tasting, add salt and seasoning if necessary.<\/p>\t\t\t\t\t\t\t\t<\/div>\n\t\t\t\t<\/div>\n\t\t\t\t\t<\/div>\n\t\t\t\t<\/div>\n\t\t<div class=\"elementor-element elementor-element-7279ba5 e-flex e-con-boxed e-con e-parent\" data-id=\"7279ba5\" data-element_type=\"container\" data-e-type=\"container\">\n\t\t\t\t\t<div class=\"e-con-inner\">\n\t\t\t\t<div class=\"elementor-element elementor-element-03ab7b5 elementor-widget elementor-widget-image\" data-id=\"03ab7b5\" data-element_type=\"widget\" data-e-type=\"widget\" data-widget_type=\"image.default\">\n\t\t\t\t<div class=\"elementor-widget-container\">\n\t\t\t\t\t\t\t\t\t\t\t\t\t\t\t<img decoding=\"async\" width=\"768\" height=\"960\" src=\"https:\/\/karitativ.hu\/wp-content\/uploads\/2026\/02\/recept2-768x960.png\" class=\"attachment-medium_large size-medium_large wp-image-11810\" alt=\"\" srcset=\"https:\/\/karitativ.hu\/wp-content\/uploads\/2026\/02\/recept2-768x960.png 768w, https:\/\/karitativ.hu\/wp-content\/uploads\/2026\/02\/recept2-240x300.png 240w, https:\/\/karitativ.hu\/wp-content\/uploads\/2026\/02\/recept2-819x1024.png 819w, https:\/\/karitativ.hu\/wp-content\/uploads\/2026\/02\/recept2-e1770387960821.png 705w\" sizes=\"(max-width: 768px) 100vw, 768px\" \/>\t\t\t\t\t\t\t\t\t\t\t\t\t\t\t<\/div>\n\t\t\t\t<\/div>\n\t\t\t\t\t<\/div>\n\t\t\t\t<\/div>\n\t\t<div class=\"elementor-element elementor-element-7182084 e-flex e-con-boxed e-con e-parent\" data-id=\"7182084\" data-element_type=\"container\" data-e-type=\"container\">\n\t\t\t\t\t<div class=\"e-con-inner\">\n\t\t\t\t<div class=\"elementor-element elementor-element-accbe6f elementor-widget elementor-widget-text-editor\" data-id=\"accbe6f\" data-element_type=\"widget\" data-e-type=\"widget\" data-widget_type=\"text-editor.default\">\n\t\t\t\t<div class=\"elementor-widget-container\">\n\t\t\t\t\t\t\t\t\t<h4><strong>Rice with spinach<\/strong><\/h4><p><em>350 g long grain rice - 1 1\/2 tsp salt - 8 dl water - 200 g fresh<\/em><br \/><em>spinach - 1 tbsp ghee - 1 tsp ground coriander - 2 bay leaves -<\/em><br \/><em>100 g toasted almonds, shelled - 1 pinch ground black pepper<\/em><\/p><p>Saut\u00e9 the spinach in boiling water and chop. In the hot ghee<br \/>fry the ground coriander and bay leaves. Add the rice and<br \/>fry, stir in the chopped spinach and add the boiling salted water,<br \/>then simmer for about 20 minutes. 15 minutes after the start of the simmering, add the almonds to the<br \/>sprinkle on top. When cooked, sprinkle with ground pepper and mix.<\/p>\t\t\t\t\t\t\t\t<\/div>\n\t\t\t\t<\/div>\n\t\t\t\t\t<\/div>\n\t\t\t\t<\/div>\n\t\t<div class=\"elementor-element elementor-element-fa3122c e-flex e-con-boxed e-con e-parent\" data-id=\"fa3122c\" data-element_type=\"container\" data-e-type=\"container\">\n\t\t\t\t\t<div class=\"e-con-inner\">\n\t\t\t\t<div class=\"elementor-element elementor-element-635dc4c elementor-widget elementor-widget-image\" data-id=\"635dc4c\" data-element_type=\"widget\" data-e-type=\"widget\" data-widget_type=\"image.default\">\n\t\t\t\t<div class=\"elementor-widget-container\">\n\t\t\t\t\t\t\t\t\t\t\t\t\t\t\t<img decoding=\"async\" width=\"768\" height=\"768\" src=\"https:\/\/karitativ.hu\/wp-content\/uploads\/2026\/02\/szekelykapi-sajat-scaled-1-768x768.jpeg\" class=\"attachment-medium_large size-medium_large wp-image-11811\" alt=\"\" srcset=\"https:\/\/karitativ.hu\/wp-content\/uploads\/2026\/02\/szekelykapi-sajat-scaled-1-768x768.jpeg 768w, https:\/\/karitativ.hu\/wp-content\/uploads\/2026\/02\/szekelykapi-sajat-scaled-1-300x300.jpeg 300w, https:\/\/karitativ.hu\/wp-content\/uploads\/2026\/02\/szekelykapi-sajat-scaled-1-1024x1024.jpeg 1024w, https:\/\/karitativ.hu\/wp-content\/uploads\/2026\/02\/szekelykapi-sajat-scaled-1-150x150.jpeg 150w, https:\/\/karitativ.hu\/wp-content\/uploads\/2026\/02\/szekelykapi-sajat-scaled-1-1536x1536.jpeg 1536w, https:\/\/karitativ.hu\/wp-content\/uploads\/2026\/02\/szekelykapi-sajat-scaled-1-2048x2048.jpeg 2048w, https:\/\/karitativ.hu\/wp-content\/uploads\/2026\/02\/szekelykapi-sajat-scaled-1-e1770388190257.jpeg 705w\" sizes=\"(max-width: 768px) 100vw, 768px\" \/>\t\t\t\t\t\t\t\t\t\t\t\t\t\t\t<\/div>\n\t\t\t\t<\/div>\n\t\t\t\t\t<\/div>\n\t\t\t\t<\/div>\n\t\t<div class=\"elementor-element elementor-element-31ad279 e-flex e-con-boxed e-con e-parent\" data-id=\"31ad279\" data-element_type=\"container\" data-e-type=\"container\">\n\t\t\t\t\t<div class=\"e-con-inner\">\n\t\t\t\t<div class=\"elementor-element elementor-element-0e8fad0 elementor-widget elementor-widget-text-editor\" data-id=\"0e8fad0\" data-element_type=\"widget\" data-e-type=\"widget\" data-widget_type=\"text-editor.default\">\n\t\t\t\t<div class=\"elementor-widget-container\">\n\t\t\t\t\t\t\t\t\t<h4><strong>Vegetarian sauerkraut<\/strong><\/h4><p><em>One of the most popular and satisfying dishes of the Hungarian cuisine is now available in a vegetarian version - a tasty, nutritious, meat-free delicacy in the spirit of tradition.<\/em><\/p><p><strong>Ingredients:<\/strong><br \/>Sauerkraut: 500 g<br \/>Soya cube: 40 g<br \/>Rice: 70 g<br \/>Flour: 40 g<br \/>Oil: 20 ml (approx. 1.5 tbsp)<br \/>Salt: 20 g (about 1 tbsp, to taste)<\/p><p>Bay leaf: 1 pc<br \/>Red pepper: 6 g (about 1 tsp)<br \/>Ground cumin: 1 pinch<br \/>Sour cream: 150 ml<br \/>Hing: 1 g (optional)<br \/>Smoke flavouring: 2 ml (optional)<br \/>Paprika cube: 25 g<\/p><p><strong>Preparation:<\/strong><br \/><strong>1. Cooking cabbage and rice:<\/strong> I rinse the sauerkraut if it feels too sour.<br \/>In a medium saucepan, I put the cabbage and rice in about 1.5 litres of water.<\/p><p><br \/><strong>2. Preparing the soy cube:<\/strong> Soak the soy cubes in boiling water for about 10 minutes, then<br \/>I filter it, drain it.<\/p><p><strong>3. Preparing and seasoning scrambled eggs:<\/strong> I heat the oil, add the flour,<br \/>fry until light brown. Remove from the heat, add the red pepper, stir in cold<br \/>mix with water until lump-free. Stir the stock into the cabbage, add<br \/>the bay leaf, salt, cumin, and water as needed.<\/p><p><br \/><strong>4. Add sour cream and serve:<\/strong> Mix the sour cream until smooth, slowly, continuously<br \/>I add it to the broth, then I adjust the desired consistency with boiling water. Season to taste<br \/>with smoke flavouring and hing, if I use such things.<\/p><p>After resting for a few minutes, serve with fresh bread or rolls.<br \/>We offer. After tasting, add salt and seasoning if necessary.<\/p><p>This dish is a regular feature on our menu, and we've been making it with farmer's cabbage for years - because health is important to us. If you think it's important for people in need to have access to a warm, nutritious and lovingly cooked meal, support us with your 1%!<\/p>\t\t\t\t\t\t\t\t<\/div>\n\t\t\t\t<\/div>\n\t\t\t\t\t<\/div>\n\t\t\t\t<\/div>\n\t\t\t\t<\/div>","protected":false},"excerpt":{"rendered":"<p>Mexik\u00f3i babost\u00e9szta A veget\u00e1ri\u00e1nus mexik\u00f3i babos t\u00e9szt\u00e1t sokkal k\u00f6nnyebb elk\u00e9sz\u00edteni, mint amilyen messzir\u0151l az sz\u00e1rmazik. Hozz\u00e1val\u00f3k:Ceruzabab: 400 gPritaminkocka: 50 gKukorica: 300 gKonzervbab: 1 konzerv (kb. 400 g)Liszt: 50 gOlaj: 3 ev\u0151kan\u00e1l Piros paprika: 1 te\u00e1skan\u00e1lS\u00f3: 1 ev\u0151kan\u00e1l (\u00edzl\u00e9s szerint)\u0150r\u00f6lt bors: 1 csipetHing: 1 g (opcion\u00e1lis)Tejf\u00f6l: 200 mlFusilli t\u00e9szta: 400 gF\u00fcstaroma: 2 ml (opcion\u00e1lis) Elk\u00e9sz\u00edt\u00e9se: 1. [&hellip;]<\/p>\n","protected":false},"author":2,"featured_media":0,"parent":0,"menu_order":0,"comment_status":"closed","ping_status":"closed","template":"","meta":{"give_campaign_id":0,"footnotes":""},"class_list":["post-11792","page","type-page","status-publish","hentry"],"yoast_head":"<!-- This site is optimized with the Yoast SEO Premium plugin v27.3 (Yoast SEO v27.3) - https:\/\/yoast.com\/product\/yoast-seo-premium-wordpress\/ -->\n<title>Receptek - Har\u00e9 Krisna \u00c9telt az \u00c9let\u00e9rt Misszi\u00f3<\/title>\n<meta name=\"description\" content=\"Megosztunk p\u00e1r Veled p\u00e1r veget\u00e1ri\u00e1nus receptet, ami csak n\u00e9h\u00e1ny azokb\u00f3l az \u00e9telekb\u0151l, amit f\u0151zni szoktunk.\" \/>\n<meta name=\"robots\" content=\"index, follow, max-snippet:-1, max-image-preview:large, max-video-preview:-1\" \/>\n<link rel=\"canonical\" href=\"https:\/\/karitativ.hu\/en\/recipes\/\" \/>\n<meta property=\"og:locale\" content=\"en_US\" \/>\n<meta property=\"og:type\" content=\"article\" \/>\n<meta property=\"og:title\" content=\"Receptek\" \/>\n<meta property=\"og:description\" content=\"Megosztunk p\u00e1r Veled p\u00e1r veget\u00e1ri\u00e1nus receptet, ami csak n\u00e9h\u00e1ny azokb\u00f3l az \u00e9telekb\u0151l, amit f\u0151zni szoktunk.\" \/>\n<meta property=\"og:url\" content=\"https:\/\/karitativ.hu\/en\/recipes\/\" \/>\n<meta property=\"og:site_name\" content=\"Har\u00e9 Krisna \u00c9telt az \u00c9let\u00e9rt Misszi\u00f3\" \/>\n<meta property=\"article:publisher\" content=\"https:\/\/facebook.com\/etelosztas\" \/>\n<meta property=\"article:modified_time\" content=\"2026-03-07T14:53:40+00:00\" \/>\n<meta property=\"og:image\" content=\"https:\/\/karitativ.hu\/wp-content\/uploads\/2026\/02\/Kepernyofoto-2025-05-08-9.05.22-e1770387395922.png\" \/>\n\t<meta property=\"og:image:width\" content=\"705\" \/>\n\t<meta property=\"og:image:height\" content=\"709\" \/>\n\t<meta property=\"og:image:type\" content=\"image\/png\" \/>\n<meta name=\"twitter:card\" content=\"summary_large_image\" \/>\n<meta name=\"twitter:label1\" content=\"Est. reading time\" \/>\n\t<meta name=\"twitter:data1\" content=\"4 minutes\" \/>\n<script type=\"application\/ld+json\" class=\"yoast-schema-graph\">{\"@context\":\"https:\\\/\\\/schema.org\",\"@graph\":[{\"@type\":\"WebPage\",\"@id\":\"https:\\\/\\\/karitativ.hu\\\/nehany-recept\\\/\",\"url\":\"https:\\\/\\\/karitativ.hu\\\/nehany-recept\\\/\",\"name\":\"Receptek - Har\u00e9 Krisna \u00c9telt az \u00c9let\u00e9rt Misszi\u00f3\",\"isPartOf\":{\"@id\":\"https:\\\/\\\/karitativ.hu\\\/#website\"},\"primaryImageOfPage\":{\"@id\":\"https:\\\/\\\/karitativ.hu\\\/nehany-recept\\\/#primaryimage\"},\"image\":{\"@id\":\"https:\\\/\\\/karitativ.hu\\\/nehany-recept\\\/#primaryimage\"},\"thumbnailUrl\":\"https:\\\/\\\/karitativ.hu\\\/wp-content\\\/uploads\\\/2026\\\/02\\\/Kepernyofoto-2025-05-08-9.05.22-e1770377526962-768x773.png\",\"datePublished\":\"2026-02-06T14:35:55+00:00\",\"dateModified\":\"2026-03-07T14:53:40+00:00\",\"description\":\"Megosztunk p\u00e1r Veled p\u00e1r veget\u00e1ri\u00e1nus receptet, ami csak n\u00e9h\u00e1ny azokb\u00f3l az \u00e9telekb\u0151l, amit f\u0151zni szoktunk.\",\"breadcrumb\":{\"@id\":\"https:\\\/\\\/karitativ.hu\\\/nehany-recept\\\/#breadcrumb\"},\"inLanguage\":\"en-US\",\"potentialAction\":[{\"@type\":\"ReadAction\",\"target\":[\"https:\\\/\\\/karitativ.hu\\\/nehany-recept\\\/\"]}]},{\"@type\":\"ImageObject\",\"inLanguage\":\"en-US\",\"@id\":\"https:\\\/\\\/karitativ.hu\\\/nehany-recept\\\/#primaryimage\",\"url\":\"https:\\\/\\\/karitativ.hu\\\/wp-content\\\/uploads\\\/2026\\\/02\\\/Kepernyofoto-2025-05-08-9.05.22-e1770377526962-768x773.png\",\"contentUrl\":\"https:\\\/\\\/karitativ.hu\\\/wp-content\\\/uploads\\\/2026\\\/02\\\/Kepernyofoto-2025-05-08-9.05.22-e1770377526962-768x773.png\"},{\"@type\":\"BreadcrumbList\",\"@id\":\"https:\\\/\\\/karitativ.hu\\\/nehany-recept\\\/#breadcrumb\",\"itemListElement\":[{\"@type\":\"ListItem\",\"position\":1,\"name\":\"Kezd\u0151lap\",\"item\":\"https:\\\/\\\/karitativ.hu\\\/\"},{\"@type\":\"ListItem\",\"position\":2,\"name\":\"Receptek\"}]},{\"@type\":\"WebSite\",\"@id\":\"https:\\\/\\\/karitativ.hu\\\/#website\",\"url\":\"https:\\\/\\\/karitativ.hu\\\/\",\"name\":\"\u00c9telt az \u00c9let\u00e9rt \u2013 Testi-lelki eg\u00e9szs\u00e9g - Budapest\",\"description\":\"\u2013 Testi-lelki eg\u00e9szs\u00e9g\",\"publisher\":{\"@id\":\"https:\\\/\\\/karitativ.hu\\\/#organization\"},\"potentialAction\":[{\"@type\":\"SearchAction\",\"target\":{\"@type\":\"EntryPoint\",\"urlTemplate\":\"https:\\\/\\\/karitativ.hu\\\/?s={search_term_string}\"},\"query-input\":{\"@type\":\"PropertyValueSpecification\",\"valueRequired\":true,\"valueName\":\"search_term_string\"}}],\"inLanguage\":\"en-US\"},{\"@type\":\"Organization\",\"@id\":\"https:\\\/\\\/karitativ.hu\\\/#organization\",\"name\":\"\u00c9telt az \u00c9let\u00e9rt \u2013 Testi-lelki eg\u00e9szs\u00e9g - Budapest\",\"url\":\"https:\\\/\\\/karitativ.hu\\\/\",\"logo\":{\"@type\":\"ImageObject\",\"inLanguage\":\"en-US\",\"@id\":\"https:\\\/\\\/karitativ.hu\\\/#\\\/schema\\\/logo\\\/image\\\/\",\"url\":\"https:\\\/\\\/karitativ.hu\\\/wp-content\\\/uploads\\\/2024\\\/04\\\/FFL-logo-final-2023.png\",\"contentUrl\":\"https:\\\/\\\/karitativ.hu\\\/wp-content\\\/uploads\\\/2024\\\/04\\\/FFL-logo-final-2023.png\",\"width\":1439,\"height\":1742,\"caption\":\"\u00c9telt az \u00c9let\u00e9rt \u2013 Testi-lelki eg\u00e9szs\u00e9g - Budapest\"},\"image\":{\"@id\":\"https:\\\/\\\/karitativ.hu\\\/#\\\/schema\\\/logo\\\/image\\\/\"},\"sameAs\":[\"https:\\\/\\\/facebook.com\\\/etelosztas\"]}]}<\/script>\n<!-- \/ Yoast SEO Premium plugin. -->","yoast_head_json":{"title":"Recipes - Har\u00e9 Krishna Food for Life Mission","description":"We share with you some vegetarian recipes, which are just some of the dishes we cook.","robots":{"index":"index","follow":"follow","max-snippet":"max-snippet:-1","max-image-preview":"max-image-preview:large","max-video-preview":"max-video-preview:-1"},"canonical":"https:\/\/karitativ.hu\/en\/recipes\/","og_locale":"en_US","og_type":"article","og_title":"Receptek","og_description":"Megosztunk p\u00e1r Veled p\u00e1r veget\u00e1ri\u00e1nus receptet, ami csak n\u00e9h\u00e1ny azokb\u00f3l az \u00e9telekb\u0151l, amit f\u0151zni szoktunk.","og_url":"https:\/\/karitativ.hu\/en\/recipes\/","og_site_name":"Har\u00e9 Krisna \u00c9telt az \u00c9let\u00e9rt Misszi\u00f3","article_publisher":"https:\/\/facebook.com\/etelosztas","article_modified_time":"2026-03-07T14:53:40+00:00","og_image":[{"width":705,"height":709,"url":"https:\/\/karitativ.hu\/wp-content\/uploads\/2026\/02\/Kepernyofoto-2025-05-08-9.05.22-e1770387395922.png","type":"image\/png"}],"twitter_card":"summary_large_image","twitter_misc":{"Est. reading time":"4 minutes"},"schema":{"@context":"https:\/\/schema.org","@graph":[{"@type":"WebPage","@id":"https:\/\/karitativ.hu\/nehany-recept\/","url":"https:\/\/karitativ.hu\/nehany-recept\/","name":"Recipes - Har\u00e9 Krishna Food for Life Mission","isPartOf":{"@id":"https:\/\/karitativ.hu\/#website"},"primaryImageOfPage":{"@id":"https:\/\/karitativ.hu\/nehany-recept\/#primaryimage"},"image":{"@id":"https:\/\/karitativ.hu\/nehany-recept\/#primaryimage"},"thumbnailUrl":"https:\/\/karitativ.hu\/wp-content\/uploads\/2026\/02\/Kepernyofoto-2025-05-08-9.05.22-e1770377526962-768x773.png","datePublished":"2026-02-06T14:35:55+00:00","dateModified":"2026-03-07T14:53:40+00:00","description":"We share with you some vegetarian recipes, which are just some of the dishes we cook.","breadcrumb":{"@id":"https:\/\/karitativ.hu\/nehany-recept\/#breadcrumb"},"inLanguage":"en-US","potentialAction":[{"@type":"ReadAction","target":["https:\/\/karitativ.hu\/nehany-recept\/"]}]},{"@type":"ImageObject","inLanguage":"en-US","@id":"https:\/\/karitativ.hu\/nehany-recept\/#primaryimage","url":"https:\/\/karitativ.hu\/wp-content\/uploads\/2026\/02\/Kepernyofoto-2025-05-08-9.05.22-e1770377526962-768x773.png","contentUrl":"https:\/\/karitativ.hu\/wp-content\/uploads\/2026\/02\/Kepernyofoto-2025-05-08-9.05.22-e1770377526962-768x773.png"},{"@type":"BreadcrumbList","@id":"https:\/\/karitativ.hu\/nehany-recept\/#breadcrumb","itemListElement":[{"@type":"ListItem","position":1,"name":"Kezd\u0151lap","item":"https:\/\/karitativ.hu\/"},{"@type":"ListItem","position":2,"name":"Receptek"}]},{"@type":"WebSite","@id":"https:\/\/karitativ.hu\/#website","url":"https:\/\/karitativ.hu\/","name":"Food for Life - Physical and mental health - Budapest","description":"- Physical and mental health","publisher":{"@id":"https:\/\/karitativ.hu\/#organization"},"potentialAction":[{"@type":"SearchAction","target":{"@type":"EntryPoint","urlTemplate":"https:\/\/karitativ.hu\/?s={search_term_string}"},"query-input":{"@type":"PropertyValueSpecification","valueRequired":true,"valueName":"search_term_string"}}],"inLanguage":"en-US"},{"@type":"Organization","@id":"https:\/\/karitativ.hu\/#organization","name":"Food for Life - Physical and mental health - Budapest","url":"https:\/\/karitativ.hu\/","logo":{"@type":"ImageObject","inLanguage":"en-US","@id":"https:\/\/karitativ.hu\/#\/schema\/logo\/image\/","url":"https:\/\/karitativ.hu\/wp-content\/uploads\/2024\/04\/FFL-logo-final-2023.png","contentUrl":"https:\/\/karitativ.hu\/wp-content\/uploads\/2024\/04\/FFL-logo-final-2023.png","width":1439,"height":1742,"caption":"\u00c9telt az \u00c9let\u00e9rt \u2013 Testi-lelki eg\u00e9szs\u00e9g - Budapest"},"image":{"@id":"https:\/\/karitativ.hu\/#\/schema\/logo\/image\/"},"sameAs":["https:\/\/facebook.com\/etelosztas"]}]}},"campaignId":"","_links":{"self":[{"href":"https:\/\/karitativ.hu\/en\/wp-json\/wp\/v2\/pages\/11792","targetHints":{"allow":["GET"]}}],"collection":[{"href":"https:\/\/karitativ.hu\/en\/wp-json\/wp\/v2\/pages"}],"about":[{"href":"https:\/\/karitativ.hu\/en\/wp-json\/wp\/v2\/types\/page"}],"author":[{"embeddable":true,"href":"https:\/\/karitativ.hu\/en\/wp-json\/wp\/v2\/users\/2"}],"replies":[{"embeddable":true,"href":"https:\/\/karitativ.hu\/en\/wp-json\/wp\/v2\/comments?post=11792"}],"version-history":[{"count":0,"href":"https:\/\/karitativ.hu\/en\/wp-json\/wp\/v2\/pages\/11792\/revisions"}],"wp:attachment":[{"href":"https:\/\/karitativ.hu\/en\/wp-json\/wp\/v2\/media?parent=11792"}],"curies":[{"name":"wp","href":"https:\/\/api.w.org\/{rel}","templated":true}]}}