{"id":7271,"date":"2024-07-26T15:08:47","date_gmt":"2024-07-26T13:08:47","guid":{"rendered":"https:\/\/dev.karitativ.hu\/?page_id=7271"},"modified":"2026-03-03T14:45:53","modified_gmt":"2026-03-03T13:45:53","slug":"adhatline","status":"publish","type":"page","link":"https:\/\/karitativ.hu\/en\/adhatvonal\/","title":{"rendered":"Add to Line"},"content":{"rendered":"<div data-elementor-type=\"wp-page\" data-elementor-id=\"7271\" class=\"elementor elementor-7271\" data-elementor-post-type=\"page\">\n\t\t\t\t\t\t<section class=\"elementor-section elementor-top-section elementor-element elementor-element-1c18ed78 elementor-section-boxed elementor-section-height-default elementor-section-height-default\" data-id=\"1c18ed78\" data-element_type=\"section\" data-e-type=\"section\" data-settings=\"{&quot;background_background&quot;:&quot;classic&quot;}\">\n\t\t\t\t\t\t\t<div class=\"elementor-background-overlay\"><\/div>\n\t\t\t\t\t\t\t<div class=\"elementor-container elementor-column-gap-no\">\n\t\t\t\t\t<div class=\"elementor-column elementor-col-100 elementor-top-column elementor-element elementor-element-4088345f\" data-id=\"4088345f\" data-element_type=\"column\" data-e-type=\"column\">\n\t\t\t<div class=\"elementor-widget-wrap elementor-element-populated\">\n\t\t\t\t\t\t<div class=\"elementor-element elementor-element-ebf43eb elementor-widget elementor-widget-heading\" data-id=\"ebf43eb\" data-element_type=\"widget\" data-e-type=\"widget\" data-widget_type=\"heading.default\">\n\t\t\t\t<div class=\"elementor-widget-container\">\n\t\t\t\t\t<h2 class=\"elementor-heading-title elementor-size-default\">Phone donation line<\/h2>\t\t\t\t<\/div>\n\t\t\t\t<\/div>\n\t\t\t\t<div class=\"elementor-element elementor-element-2481d2bd elementor-widget-divider--view-line elementor-widget elementor-widget-divider\" data-id=\"2481d2bd\" data-element_type=\"widget\" data-e-type=\"widget\" data-widget_type=\"divider.default\">\n\t\t\t\t<div class=\"elementor-widget-container\">\n\t\t\t\t\t\t\t<div class=\"elementor-divider\">\n\t\t\t<span class=\"elementor-divider-separator\">\n\t\t\t\t\t\t<\/span>\n\t\t<\/div>\n\t\t\t\t\t\t<\/div>\n\t\t\t\t<\/div>\n\t\t\t\t\t<\/div>\n\t\t<\/div>\n\t\t\t\t\t<\/div>\n\t\t<\/section>\n\t\t\t\t<section class=\"elementor-section elementor-top-section elementor-element elementor-element-5c28b29 elementor-section-content-middle elementor-section-boxed elementor-section-height-default elementor-section-height-default\" data-id=\"5c28b29\" data-element_type=\"section\" data-e-type=\"section\">\n\t\t\t\t\t\t<div class=\"elementor-container elementor-column-gap-no\">\n\t\t\t\t\t<div class=\"elementor-column elementor-col-100 elementor-top-column elementor-element elementor-element-1065fec7\" data-id=\"1065fec7\" data-element_type=\"column\" data-e-type=\"column\">\n\t\t\t<div class=\"elementor-widget-wrap elementor-element-populated\">\n\t\t\t\t\t\t<div class=\"elementor-element elementor-element-5ecb92ee elementor-widget elementor-widget-text-editor\" data-id=\"5ecb92ee\" data-element_type=\"widget\" data-e-type=\"widget\" data-widget_type=\"text-editor.default\">\n\t\t\t\t<div class=\"elementor-widget-container\">\n\t\t\t\t\t\t\t\t\tDIAL 13600 AND FOLLOW THE VOICE INSTRUCTIONS,\nOR TEXT THE FOUNDATION'S TWO-DIGIT CODE (33).\nTO DONATE 500 FT GROSS PER CALL\nAND A BOWL OF FOOD FOR THE HUNGRY.\t\t\t\t\t\t\t\t<\/div>\n\t\t\t\t<\/div>\n\t\t\t\t<div class=\"elementor-element elementor-element-bade2e4 elementor-position-inline-start elementor-view-default elementor-mobile-position-block-start elementor-widget elementor-widget-icon-box\" data-id=\"bade2e4\" data-element_type=\"widget\" data-e-type=\"widget\" data-widget_type=\"icon-box.default\">\n\t\t\t\t<div class=\"elementor-widget-container\">\n\t\t\t\t\t\t\t<div class=\"elementor-icon-box-wrapper\">\n\n\t\t\t\t\t\t<div class=\"elementor-icon-box-icon\">\n\t\t\t\t<span  class=\"elementor-icon\">\n\t\t\t\t<svg aria-hidden=\"true\" class=\"e-font-icon-svg e-fas-phone-square-alt\" viewbox=\"0 0 448 512\" xmlns=\"http:\/\/www.w3.org\/2000\/svg\"><path d=\"M400 32H48A48 48 0 0 0 0 80v352a48 48 0 0 0 48 48h352a48 48 0 0 0 48-48V80a48 48 0 0 0-48-48zm-16.39 307.37l-15 65A15 15 0 0 1 354 416C194 416 64 286.29 64 126a15.7 15.7 0 0 1 11.63-14.61l65-15A18.23 18.23 0 0 1 144 96a16.27 16.27 0 0 1 13.79 9.09l30 70A17.9 17.9 0 0 1 189 181a17 17 0 0 1-5.5 11.61l-37.89 31a231.91 231.91 0 0 0 110.78 110.78l31-37.89A17 17 0 0 1 299 291a17.85 17.85 0 0 1 5.91 1.21l70 30A16.25 16.25 0 0 1 384 336a17.41 17.41 0 0 1-.39 3.37z\"><\/path><\/svg>\t\t\t\t<\/span>\n\t\t\t<\/div>\n\t\t\t\n\t\t\t\t\t\t<div class=\"elementor-icon-box-content\">\n\n\t\t\t\t\t\t\t\t\t<h3 class=\"elementor-icon-box-title\">\n\t\t\t\t\t\t<span  >\n\t\t\t\t\t\t\t13600\t\t\t\t\t\t<\/span>\n\t\t\t\t\t<\/h3>\n\t\t\t\t\n\t\t\t\t\n\t\t\t<\/div>\n\t\t\t\n\t\t<\/div>\n\t\t\t\t\t\t<\/div>\n\t\t\t\t<\/div>\n\t\t\t\t<div class=\"elementor-element elementor-element-8ef620f elementor-widget elementor-widget-text-editor\" data-id=\"8ef620f\" data-element_type=\"widget\" data-e-type=\"widget\" data-widget_type=\"text-editor.default\">\n\t\t\t\t<div class=\"elementor-widget-container\">\n\t\t\t\t\t\t\t\t\t<p>From 2023, it will no longer be possible to make a call to the donation line via Yettel's service provider, we can recommend you to donate via SMS!<\/p>\t\t\t\t\t\t\t\t<\/div>\n\t\t\t\t<\/div>\n\t\t\t\t<div class=\"elementor-element elementor-element-68c9fc8 elementor-widget elementor-widget-image\" data-id=\"68c9fc8\" data-element_type=\"widget\" data-e-type=\"widget\" data-widget_type=\"image.default\">\n\t\t\t\t<div class=\"elementor-widget-container\">\n\t\t\t\t\t\t\t\t\t\t\t\t\t\t\t<img fetchpriority=\"high\" decoding=\"async\" width=\"300\" height=\"200\" src=\"https:\/\/karitativ.hu\/wp-content\/uploads\/2026\/03\/ChatGPT-Image-2026.-marc.-3.-14_44_31-300x200.png\" class=\"attachment-medium size-medium wp-image-11978\" alt=\"\" srcset=\"https:\/\/karitativ.hu\/wp-content\/uploads\/2026\/03\/ChatGPT-Image-2026.-marc.-3.-14_44_31-300x200.png 300w, https:\/\/karitativ.hu\/wp-content\/uploads\/2026\/03\/ChatGPT-Image-2026.-marc.-3.-14_44_31-1024x683.png 1024w, https:\/\/karitativ.hu\/wp-content\/uploads\/2026\/03\/ChatGPT-Image-2026.-marc.-3.-14_44_31-768x512.png 768w, https:\/\/karitativ.hu\/wp-content\/uploads\/2026\/03\/ChatGPT-Image-2026.-marc.-3.-14_44_31.png 1536w\" sizes=\"(max-width: 300px) 100vw, 300px\" \/>\t\t\t\t\t\t\t\t\t\t\t\t\t\t\t<\/div>\n\t\t\t\t<\/div>\n\t\t\t\t\t<\/div>\n\t\t<\/div>\n\t\t\t\t\t<\/div>\n\t\t<\/section>\n\t\t\t\t<\/div>","protected":false},"excerpt":{"rendered":"<p>Donation line by phone TOLL 13600 and send a text message to the number (33) of the donation line OR send a text message to the number (33) of the donation line. From 13600 2023 onwards, it will not be possible to make a call to the donation line via Yettel's service provider, for them we can recommend donating via SMS!<\/p>","protected":false},"author":2,"featured_media":0,"parent":0,"menu_order":0,"comment_status":"closed","ping_status":"closed","template":"elementor_header_footer","meta":{"give_campaign_id":0,"footnotes":""},"class_list":["post-7271","page","type-page","status-publish","hentry"],"yoast_head":"<!-- This site is optimized with the Yoast SEO Premium plugin v27.3 (Yoast SEO v27.3) - https:\/\/yoast.com\/product\/yoast-seo-premium-wordpress\/ -->\n<title>Adjuk\u00f6ssze Vonal - Har\u00e9 Krisna \u00c9telt az \u00c9let\u00e9rt Misszi\u00f3<\/title>\n<meta name=\"robots\" content=\"index, follow, max-snippet:-1, max-image-preview:large, max-video-preview:-1\" \/>\n<link rel=\"canonical\" href=\"https:\/\/karitativ.hu\/en\/adhatline\/\" \/>\n<meta property=\"og:locale\" content=\"en_US\" \/>\n<meta property=\"og:type\" content=\"article\" \/>\n<meta property=\"og:title\" content=\"Adjuk\u00f6ssze Vonal\" \/>\n<meta property=\"og:description\" content=\"Telefonos adom\u00e1nyvonal T\u00c1RCS\u00c1ZD A 13600-AS ADHATVONALAT \u00c9S K\u00d6VESD A HANGUTAS\u00cdT\u00c1ST, VAGY K\u00dcLDD EL AZ ALAP\u00cdTV\u00c1NY K\u00c9TSZ\u00c1MJEGY\u0170 K\u00d3DJ\u00c1T (33) SMS-BEN. \u00cdGY H\u00cdV\u00c1SONK\u00c9NT BRUTT\u00d3 500 FT-TAL T\u00c1MOGATHATOD AZ \u00c9TELOSZT\u00c1ST, \u00c9S EGY T\u00c1L \u00c9TELLEL AZ \u00c9HEZ\u0150KET. 13600 2023-t\u00f3l a Yettel szolg\u00e1ltat\u00f3j\u00e1n kereszt\u00fcl nem lehet h\u00edv\u00e1st ind\u00edtani az adom\u00e1nyvonalra, sz\u00e1mukra az sms-ben t\u00f6rt\u00e9n\u0151 felaj\u00e1nl\u00e1st tudjuk javasolni!\" \/>\n<meta property=\"og:url\" content=\"https:\/\/karitativ.hu\/en\/adhatline\/\" \/>\n<meta property=\"og:site_name\" content=\"Har\u00e9 Krisna \u00c9telt az \u00c9let\u00e9rt Misszi\u00f3\" \/>\n<meta property=\"article:publisher\" content=\"https:\/\/facebook.com\/etelosztas\" \/>\n<meta property=\"article:modified_time\" content=\"2026-03-03T13:45:53+00:00\" \/>\n<meta property=\"og:image\" content=\"https:\/\/karitativ.hu\/wp-content\/uploads\/2026\/03\/ChatGPT-Image-2026.-marc.-3.-14_44_31-1024x683.png\" \/>\n\t<meta property=\"og:image:width\" content=\"1024\" \/>\n\t<meta property=\"og:image:height\" content=\"683\" \/>\n\t<meta property=\"og:image:type\" content=\"image\/png\" \/>\n<meta name=\"twitter:card\" content=\"summary_large_image\" \/>\n<meta name=\"twitter:label1\" content=\"Est. reading time\" \/>\n\t<meta name=\"twitter:data1\" content=\"1 minute\" \/>\n<script type=\"application\/ld+json\" class=\"yoast-schema-graph\">{\"@context\":\"https:\\\/\\\/schema.org\",\"@graph\":[{\"@type\":\"WebPage\",\"@id\":\"https:\\\/\\\/karitativ.hu\\\/adhatvonal\\\/\",\"url\":\"https:\\\/\\\/karitativ.hu\\\/adhatvonal\\\/\",\"name\":\"Adjuk\u00f6ssze Vonal - Har\u00e9 Krisna \u00c9telt az \u00c9let\u00e9rt Misszi\u00f3\",\"isPartOf\":{\"@id\":\"https:\\\/\\\/karitativ.hu\\\/#website\"},\"primaryImageOfPage\":{\"@id\":\"https:\\\/\\\/karitativ.hu\\\/adhatvonal\\\/#primaryimage\"},\"image\":{\"@id\":\"https:\\\/\\\/karitativ.hu\\\/adhatvonal\\\/#primaryimage\"},\"thumbnailUrl\":\"https:\\\/\\\/karitativ.hu\\\/wp-content\\\/uploads\\\/2026\\\/03\\\/ChatGPT-Image-2026.-marc.-3.-14_44_31-300x200.png\",\"datePublished\":\"2024-07-26T13:08:47+00:00\",\"dateModified\":\"2026-03-03T13:45:53+00:00\",\"breadcrumb\":{\"@id\":\"https:\\\/\\\/karitativ.hu\\\/adhatvonal\\\/#breadcrumb\"},\"inLanguage\":\"en-US\",\"potentialAction\":[{\"@type\":\"ReadAction\",\"target\":[\"https:\\\/\\\/karitativ.hu\\\/adhatvonal\\\/\"]}]},{\"@type\":\"ImageObject\",\"inLanguage\":\"en-US\",\"@id\":\"https:\\\/\\\/karitativ.hu\\\/adhatvonal\\\/#primaryimage\",\"url\":\"https:\\\/\\\/karitativ.hu\\\/wp-content\\\/uploads\\\/2026\\\/03\\\/ChatGPT-Image-2026.-marc.-3.-14_44_31-300x200.png\",\"contentUrl\":\"https:\\\/\\\/karitativ.hu\\\/wp-content\\\/uploads\\\/2026\\\/03\\\/ChatGPT-Image-2026.-marc.-3.-14_44_31-300x200.png\"},{\"@type\":\"BreadcrumbList\",\"@id\":\"https:\\\/\\\/karitativ.hu\\\/adhatvonal\\\/#breadcrumb\",\"itemListElement\":[{\"@type\":\"ListItem\",\"position\":1,\"name\":\"Kezd\u0151lap\",\"item\":\"https:\\\/\\\/karitativ.hu\\\/\"},{\"@type\":\"ListItem\",\"position\":2,\"name\":\"Adjuk\u00f6ssze Vonal\"}]},{\"@type\":\"WebSite\",\"@id\":\"https:\\\/\\\/karitativ.hu\\\/#website\",\"url\":\"https:\\\/\\\/karitativ.hu\\\/\",\"name\":\"\u00c9telt az \u00c9let\u00e9rt \u2013 Testi-lelki eg\u00e9szs\u00e9g - Budapest\",\"description\":\"\u2013 Testi-lelki eg\u00e9szs\u00e9g\",\"publisher\":{\"@id\":\"https:\\\/\\\/karitativ.hu\\\/#organization\"},\"potentialAction\":[{\"@type\":\"SearchAction\",\"target\":{\"@type\":\"EntryPoint\",\"urlTemplate\":\"https:\\\/\\\/karitativ.hu\\\/?s={search_term_string}\"},\"query-input\":{\"@type\":\"PropertyValueSpecification\",\"valueRequired\":true,\"valueName\":\"search_term_string\"}}],\"inLanguage\":\"en-US\"},{\"@type\":\"Organization\",\"@id\":\"https:\\\/\\\/karitativ.hu\\\/#organization\",\"name\":\"\u00c9telt az \u00c9let\u00e9rt \u2013 Testi-lelki eg\u00e9szs\u00e9g - Budapest\",\"url\":\"https:\\\/\\\/karitativ.hu\\\/\",\"logo\":{\"@type\":\"ImageObject\",\"inLanguage\":\"en-US\",\"@id\":\"https:\\\/\\\/karitativ.hu\\\/#\\\/schema\\\/logo\\\/image\\\/\",\"url\":\"https:\\\/\\\/karitativ.hu\\\/wp-content\\\/uploads\\\/2024\\\/04\\\/FFL-logo-final-2023.png\",\"contentUrl\":\"https:\\\/\\\/karitativ.hu\\\/wp-content\\\/uploads\\\/2024\\\/04\\\/FFL-logo-final-2023.png\",\"width\":1439,\"height\":1742,\"caption\":\"\u00c9telt az \u00c9let\u00e9rt \u2013 Testi-lelki eg\u00e9szs\u00e9g - Budapest\"},\"image\":{\"@id\":\"https:\\\/\\\/karitativ.hu\\\/#\\\/schema\\\/logo\\\/image\\\/\"},\"sameAs\":[\"https:\\\/\\\/facebook.com\\\/etelosztas\"]}]}<\/script>\n<!-- \/ Yoast SEO Premium plugin. -->","yoast_head_json":{"title":"Give Along the Line - Har\u00e9 Krishna Food for Life Mission","robots":{"index":"index","follow":"follow","max-snippet":"max-snippet:-1","max-image-preview":"max-image-preview:large","max-video-preview":"max-video-preview:-1"},"canonical":"https:\/\/karitativ.hu\/en\/adhatline\/","og_locale":"en_US","og_type":"article","og_title":"Adjuk\u00f6ssze Vonal","og_description":"Telefonos adom\u00e1nyvonal T\u00c1RCS\u00c1ZD A 13600-AS ADHATVONALAT \u00c9S K\u00d6VESD A HANGUTAS\u00cdT\u00c1ST, VAGY K\u00dcLDD EL AZ ALAP\u00cdTV\u00c1NY K\u00c9TSZ\u00c1MJEGY\u0170 K\u00d3DJ\u00c1T (33) SMS-BEN. \u00cdGY H\u00cdV\u00c1SONK\u00c9NT BRUTT\u00d3 500 FT-TAL T\u00c1MOGATHATOD AZ \u00c9TELOSZT\u00c1ST, \u00c9S EGY T\u00c1L \u00c9TELLEL AZ \u00c9HEZ\u0150KET. 13600 2023-t\u00f3l a Yettel szolg\u00e1ltat\u00f3j\u00e1n kereszt\u00fcl nem lehet h\u00edv\u00e1st ind\u00edtani az adom\u00e1nyvonalra, sz\u00e1mukra az sms-ben t\u00f6rt\u00e9n\u0151 felaj\u00e1nl\u00e1st tudjuk javasolni!","og_url":"https:\/\/karitativ.hu\/en\/adhatline\/","og_site_name":"Har\u00e9 Krisna \u00c9telt az \u00c9let\u00e9rt Misszi\u00f3","article_publisher":"https:\/\/facebook.com\/etelosztas","article_modified_time":"2026-03-03T13:45:53+00:00","og_image":[{"width":1024,"height":683,"url":"https:\/\/karitativ.hu\/wp-content\/uploads\/2026\/03\/ChatGPT-Image-2026.-marc.-3.-14_44_31-1024x683.png","type":"image\/png"}],"twitter_card":"summary_large_image","twitter_misc":{"Est. reading time":"1 minute"},"schema":{"@context":"https:\/\/schema.org","@graph":[{"@type":"WebPage","@id":"https:\/\/karitativ.hu\/adhatvonal\/","url":"https:\/\/karitativ.hu\/adhatvonal\/","name":"Give Along the Line - Har\u00e9 Krishna Food for Life Mission","isPartOf":{"@id":"https:\/\/karitativ.hu\/#website"},"primaryImageOfPage":{"@id":"https:\/\/karitativ.hu\/adhatvonal\/#primaryimage"},"image":{"@id":"https:\/\/karitativ.hu\/adhatvonal\/#primaryimage"},"thumbnailUrl":"https:\/\/karitativ.hu\/wp-content\/uploads\/2026\/03\/ChatGPT-Image-2026.-marc.-3.-14_44_31-300x200.png","datePublished":"2024-07-26T13:08:47+00:00","dateModified":"2026-03-03T13:45:53+00:00","breadcrumb":{"@id":"https:\/\/karitativ.hu\/adhatvonal\/#breadcrumb"},"inLanguage":"en-US","potentialAction":[{"@type":"ReadAction","target":["https:\/\/karitativ.hu\/adhatvonal\/"]}]},{"@type":"ImageObject","inLanguage":"en-US","@id":"https:\/\/karitativ.hu\/adhatvonal\/#primaryimage","url":"https:\/\/karitativ.hu\/wp-content\/uploads\/2026\/03\/ChatGPT-Image-2026.-marc.-3.-14_44_31-300x200.png","contentUrl":"https:\/\/karitativ.hu\/wp-content\/uploads\/2026\/03\/ChatGPT-Image-2026.-marc.-3.-14_44_31-300x200.png"},{"@type":"BreadcrumbList","@id":"https:\/\/karitativ.hu\/adhatvonal\/#breadcrumb","itemListElement":[{"@type":"ListItem","position":1,"name":"Kezd\u0151lap","item":"https:\/\/karitativ.hu\/"},{"@type":"ListItem","position":2,"name":"Adjuk\u00f6ssze Vonal"}]},{"@type":"WebSite","@id":"https:\/\/karitativ.hu\/#website","url":"https:\/\/karitativ.hu\/","name":"Food for Life - Physical and mental health - Budapest","description":"- Physical and mental health","publisher":{"@id":"https:\/\/karitativ.hu\/#organization"},"potentialAction":[{"@type":"SearchAction","target":{"@type":"EntryPoint","urlTemplate":"https:\/\/karitativ.hu\/?s={search_term_string}"},"query-input":{"@type":"PropertyValueSpecification","valueRequired":true,"valueName":"search_term_string"}}],"inLanguage":"en-US"},{"@type":"Organization","@id":"https:\/\/karitativ.hu\/#organization","name":"Food for Life - Physical and mental health - Budapest","url":"https:\/\/karitativ.hu\/","logo":{"@type":"ImageObject","inLanguage":"en-US","@id":"https:\/\/karitativ.hu\/#\/schema\/logo\/image\/","url":"https:\/\/karitativ.hu\/wp-content\/uploads\/2024\/04\/FFL-logo-final-2023.png","contentUrl":"https:\/\/karitativ.hu\/wp-content\/uploads\/2024\/04\/FFL-logo-final-2023.png","width":1439,"height":1742,"caption":"\u00c9telt az \u00c9let\u00e9rt \u2013 Testi-lelki eg\u00e9szs\u00e9g - Budapest"},"image":{"@id":"https:\/\/karitativ.hu\/#\/schema\/logo\/image\/"},"sameAs":["https:\/\/facebook.com\/etelosztas"]}]}},"campaignId":"","_links":{"self":[{"href":"https:\/\/karitativ.hu\/en\/wp-json\/wp\/v2\/pages\/7271","targetHints":{"allow":["GET"]}}],"collection":[{"href":"https:\/\/karitativ.hu\/en\/wp-json\/wp\/v2\/pages"}],"about":[{"href":"https:\/\/karitativ.hu\/en\/wp-json\/wp\/v2\/types\/page"}],"author":[{"embeddable":true,"href":"https:\/\/karitativ.hu\/en\/wp-json\/wp\/v2\/users\/2"}],"replies":[{"embeddable":true,"href":"https:\/\/karitativ.hu\/en\/wp-json\/wp\/v2\/comments?post=7271"}],"version-history":[{"count":0,"href":"https:\/\/karitativ.hu\/en\/wp-json\/wp\/v2\/pages\/7271\/revisions"}],"wp:attachment":[{"href":"https:\/\/karitativ.hu\/en\/wp-json\/wp\/v2\/media?parent=7271"}],"curies":[{"name":"wp","href":"https:\/\/api.w.org\/{rel}","templated":true}]}}