{"id":7315,"date":"2024-07-26T15:17:14","date_gmt":"2024-07-26T13:17:14","guid":{"rendered":"https:\/\/dev.karitativ.hu\/?page_id=7315"},"modified":"2025-02-13T09:34:13","modified_gmt":"2025-02-13T08:34:13","slug":"data-record-languages","status":"publish","type":"page","link":"https:\/\/karitativ.hu\/en\/adatvedelmi-iranyelvek\/","title":{"rendered":"Privacy policy"},"content":{"rendered":"<div data-elementor-type=\"wp-page\" data-elementor-id=\"7315\" class=\"elementor elementor-7315\" data-elementor-post-type=\"page\">\n\t\t\t\t<div class=\"elementor-element elementor-element-25a0b74 e-flex e-con-boxed e-con e-parent\" data-id=\"25a0b74\" data-element_type=\"container\" data-e-type=\"container\">\n\t\t\t\t\t<div class=\"e-con-inner\">\n\t\t\t\t<div class=\"elementor-element elementor-element-aa42e24 elementor-widget elementor-widget-heading\" data-id=\"aa42e24\" data-element_type=\"widget\" data-e-type=\"widget\" data-widget_type=\"heading.default\">\n\t\t\t\t<div class=\"elementor-widget-container\">\n\t\t\t\t\t<h1 class=\"elementor-heading-title elementor-size-default\">Privacy policy<\/h1>\t\t\t\t<\/div>\n\t\t\t\t<\/div>\n\t\t\t\t<div class=\"elementor-element elementor-element-f581030 elementor-widget elementor-widget-text-editor\" data-id=\"f581030\" data-element_type=\"widget\" data-e-type=\"widget\" data-widget_type=\"text-editor.default\">\n\t\t\t\t<div class=\"elementor-widget-container\">\n\t\t\t\t\t\t\t\t\t<p>The Meals for Life Foundation respects the privacy of every person visiting our websites and any information we collect about you will be used to inform you about our programmes and festivals. We do this through the lawful use of information.<\/p><p>This information will not be shared with anyone outside the Meals for Life Foundation. The information is processed in accordance with the legal provisions of Hungarian law on data protection and may only be transmitted and stored with the consent of the person concerned.<br \/>As an individual, you have the right to be informed about what information we hold about you and to make changes if necessary; you also have the right to ask us not to use the information or to request that your data be removed from our records by emailing info@karitativ.hu<\/p><p><b>Information<\/b><br \/>By submitting your personal data, you consent to their inclusion in the database of the Food for Life Charitable Foundation as data controller (hereinafter referred to as \"\u00c9\u00c9KA\") and their use by \u00c9\u00c9KA for future mailings of its flyers without any further consideration or special permission until receipt of your declaration of objection. The data processing is carried out by \u00c9\u00c9KA (headquarters: 1039 Lehel u. 15., Budapest). The personal data voluntarily provided by you at the time of registration cannot be disclosed to third parties other than \u00c9\u00c9KA's employees and data processors. The data processed about you will be transmitted by \u00c9\u00c9KA to third parties only with your explicit and prior consent, except for transfers permitted or required by law.<\/p><p>\u00c9\u00c9KA treats your data confidentially in accordance with the Act CXII of 2011 on the Protection of Personal Data and the Disclosure of Data of Public Interest on the Right to Informational Self-Determination and Freedom of Information - the conditions set out in the Act.<br \/>Data processing for donations<br \/>Donations are tax exempt.<\/p><p>I acknowledge that the following personal data stored by the data controller \u00c9\u00c9KA (registered office: 1039 Lehel u. 15., Budapest, 1039 Bp.) in the user database of info@karitativ.hu will be transferred to OTP Mobil Kft. as the data processor. The following data are transferred by the data controller: name, e-mail address.<\/p><p>The nature and purpose of the data processing activities carried out by the processor can be found in the SimplePay Privacy Notice at the following link: http:\/\/simplepay.hu\/vasarlo-aff<br \/>Recurring payment by credit card (\u201eRecurring Payment\u201d) is a credit card acceptance feature provided by SimplePay, which means that the credit card details provided by the Customer during the registration transaction can be used to make future payments without having to re-enter the credit card details. The recurring payment type is called \u201ecase-by-case consent\u201d and is subject to case-by-case approval by the Customer for each transaction, i.e., you must approve the transaction for all future payments. You will always be notified of a successful payment through the same channels as a traditional credit card payment.<\/p><p>For recurring payments, by accepting this declaration you agree that after a successful registration transaction in this webshop: karitativ.hu. If you accept this registration, subsequent payments made from your account here will be processed without you having to re-enter your credit card details.<\/p><p><b>Attention(!):<br \/><\/b>Credit card data is processed in accordance with the card company's rules. Neither \u00c9\u00c9KA nor SimplePay has access to the credit card data. For repeated payment transactions initiated by the Merchant in error or illegally, \u00c9\u00c9KA is directly liable, and any claims against the Merchant's payment service provider (SimplePay) are excluded.<br \/>I have read this information and I acknowledge and accept its contents.<\/p><p><b>Registration number of the processing: 02252-0001<\/b><\/p>\t\t\t\t\t\t\t\t<\/div>\n\t\t\t\t<\/div>\n\t\t\t\t\t<\/div>\n\t\t\t\t<\/div>\n\t\t\t\t<\/div>","protected":false},"excerpt":{"rendered":"<p>Adatv\u00e9delmi ir\u00e1nyelvek Az \u00c9telt az \u00c9let\u00e9rt K\u00f6zhaszn\u00fa Alap\u00edtv\u00e1ny tiszteletben tartja a webhelyeit megl\u00e1togat\u00f3 minden szem\u00e9ly szem\u00e9lyis\u00e9gi jogait, \u00e9s az \u00d6nr\u0151l gy\u0171jt\u00f6tt b\u00e1rmely inform\u00e1ci\u00f3t arra haszn\u00e1ljuk fel, hogy t\u00e1j\u00e9koztassuk \u00d6nt programjainkr\u00f3l, fesztiv\u00e1ljainkr\u00f3l. Mindezt az inform\u00e1ci\u00f3k jogszer\u0171 felhaszn\u00e1l\u00e1s\u00e1val tessz\u00fck. Ezeket az inform\u00e1ci\u00f3kat a \u00c9telt az \u00c9let\u00e9rt K\u00f6zhaszn\u00fa Alap\u00edtv\u00e1nyon k\u00edv\u00fcl nem k\u00f6z\u00f6lj\u00fck senkivel. Az inform\u00e1ci\u00f3kat a magyar jog [&hellip;]<\/p>\n","protected":false},"author":2,"featured_media":0,"parent":0,"menu_order":0,"comment_status":"closed","ping_status":"closed","template":"elementor_header_footer","meta":{"give_campaign_id":0,"footnotes":""},"class_list":["post-7315","page","type-page","status-publish","hentry"],"yoast_head":"<!-- This site is optimized with the Yoast SEO Premium plugin v27.3 (Yoast SEO v27.3) - https:\/\/yoast.com\/product\/yoast-seo-premium-wordpress\/ -->\n<title>Adatv\u00e9delmi ir\u00e1nyelvek - Har\u00e9 Krisna \u00c9telt az \u00c9let\u00e9rt Misszi\u00f3<\/title>\n<meta name=\"robots\" content=\"index, follow, max-snippet:-1, max-image-preview:large, max-video-preview:-1\" \/>\n<link rel=\"canonical\" href=\"https:\/\/karitativ.hu\/en\/data-record-languages\/\" \/>\n<meta property=\"og:locale\" content=\"en_US\" \/>\n<meta property=\"og:type\" content=\"article\" \/>\n<meta property=\"og:title\" content=\"Adatv\u00e9delmi ir\u00e1nyelvek\" \/>\n<meta property=\"og:description\" content=\"Adatv\u00e9delmi ir\u00e1nyelvek Az \u00c9telt az \u00c9let\u00e9rt K\u00f6zhaszn\u00fa Alap\u00edtv\u00e1ny tiszteletben tartja a webhelyeit megl\u00e1togat\u00f3 minden szem\u00e9ly szem\u00e9lyis\u00e9gi jogait, \u00e9s az \u00d6nr\u0151l gy\u0171jt\u00f6tt b\u00e1rmely inform\u00e1ci\u00f3t arra haszn\u00e1ljuk fel, hogy t\u00e1j\u00e9koztassuk \u00d6nt programjainkr\u00f3l, fesztiv\u00e1ljainkr\u00f3l. Mindezt az inform\u00e1ci\u00f3k jogszer\u0171 felhaszn\u00e1l\u00e1s\u00e1val tessz\u00fck. Ezeket az inform\u00e1ci\u00f3kat a \u00c9telt az \u00c9let\u00e9rt K\u00f6zhaszn\u00fa Alap\u00edtv\u00e1nyon k\u00edv\u00fcl nem k\u00f6z\u00f6lj\u00fck senkivel. Az inform\u00e1ci\u00f3kat a magyar jog [&hellip;]\" \/>\n<meta property=\"og:url\" content=\"https:\/\/karitativ.hu\/en\/data-record-languages\/\" \/>\n<meta property=\"og:site_name\" content=\"Har\u00e9 Krisna \u00c9telt az \u00c9let\u00e9rt Misszi\u00f3\" \/>\n<meta property=\"article:publisher\" content=\"https:\/\/facebook.com\/etelosztas\" \/>\n<meta property=\"article:modified_time\" content=\"2025-02-13T08:34:13+00:00\" \/>\n<meta name=\"twitter:card\" content=\"summary_large_image\" \/>\n<meta name=\"twitter:label1\" content=\"Est. reading time\" \/>\n\t<meta name=\"twitter:data1\" content=\"3 minutes\" \/>\n<script type=\"application\/ld+json\" class=\"yoast-schema-graph\">{\"@context\":\"https:\\\/\\\/schema.org\",\"@graph\":[{\"@type\":\"WebPage\",\"@id\":\"https:\\\/\\\/karitativ.hu\\\/adatvedelmi-iranyelvek\\\/\",\"url\":\"https:\\\/\\\/karitativ.hu\\\/adatvedelmi-iranyelvek\\\/\",\"name\":\"Adatv\u00e9delmi ir\u00e1nyelvek - Har\u00e9 Krisna \u00c9telt az \u00c9let\u00e9rt Misszi\u00f3\",\"isPartOf\":{\"@id\":\"https:\\\/\\\/karitativ.hu\\\/#website\"},\"datePublished\":\"2024-07-26T13:17:14+00:00\",\"dateModified\":\"2025-02-13T08:34:13+00:00\",\"breadcrumb\":{\"@id\":\"https:\\\/\\\/karitativ.hu\\\/adatvedelmi-iranyelvek\\\/#breadcrumb\"},\"inLanguage\":\"en-US\",\"potentialAction\":[{\"@type\":\"ReadAction\",\"target\":[\"https:\\\/\\\/karitativ.hu\\\/adatvedelmi-iranyelvek\\\/\"]}]},{\"@type\":\"BreadcrumbList\",\"@id\":\"https:\\\/\\\/karitativ.hu\\\/adatvedelmi-iranyelvek\\\/#breadcrumb\",\"itemListElement\":[{\"@type\":\"ListItem\",\"position\":1,\"name\":\"Kezd\u0151lap\",\"item\":\"https:\\\/\\\/karitativ.hu\\\/\"},{\"@type\":\"ListItem\",\"position\":2,\"name\":\"Adatv\u00e9delmi ir\u00e1nyelvek\"}]},{\"@type\":\"WebSite\",\"@id\":\"https:\\\/\\\/karitativ.hu\\\/#website\",\"url\":\"https:\\\/\\\/karitativ.hu\\\/\",\"name\":\"\u00c9telt az \u00c9let\u00e9rt \u2013 Testi-lelki eg\u00e9szs\u00e9g - Budapest\",\"description\":\"\u2013 Testi-lelki eg\u00e9szs\u00e9g\",\"publisher\":{\"@id\":\"https:\\\/\\\/karitativ.hu\\\/#organization\"},\"potentialAction\":[{\"@type\":\"SearchAction\",\"target\":{\"@type\":\"EntryPoint\",\"urlTemplate\":\"https:\\\/\\\/karitativ.hu\\\/?s={search_term_string}\"},\"query-input\":{\"@type\":\"PropertyValueSpecification\",\"valueRequired\":true,\"valueName\":\"search_term_string\"}}],\"inLanguage\":\"en-US\"},{\"@type\":\"Organization\",\"@id\":\"https:\\\/\\\/karitativ.hu\\\/#organization\",\"name\":\"\u00c9telt az \u00c9let\u00e9rt \u2013 Testi-lelki eg\u00e9szs\u00e9g - Budapest\",\"url\":\"https:\\\/\\\/karitativ.hu\\\/\",\"logo\":{\"@type\":\"ImageObject\",\"inLanguage\":\"en-US\",\"@id\":\"https:\\\/\\\/karitativ.hu\\\/#\\\/schema\\\/logo\\\/image\\\/\",\"url\":\"https:\\\/\\\/karitativ.hu\\\/wp-content\\\/uploads\\\/2024\\\/04\\\/FFL-logo-final-2023.png\",\"contentUrl\":\"https:\\\/\\\/karitativ.hu\\\/wp-content\\\/uploads\\\/2024\\\/04\\\/FFL-logo-final-2023.png\",\"width\":1439,\"height\":1742,\"caption\":\"\u00c9telt az \u00c9let\u00e9rt \u2013 Testi-lelki eg\u00e9szs\u00e9g - Budapest\"},\"image\":{\"@id\":\"https:\\\/\\\/karitativ.hu\\\/#\\\/schema\\\/logo\\\/image\\\/\"},\"sameAs\":[\"https:\\\/\\\/facebook.com\\\/etelosztas\"]}]}<\/script>\n<!-- \/ Yoast SEO Premium plugin. -->","yoast_head_json":{"title":"Privacy Policy - Har\u00e9 Krishna Food for Life Mission","robots":{"index":"index","follow":"follow","max-snippet":"max-snippet:-1","max-image-preview":"max-image-preview:large","max-video-preview":"max-video-preview:-1"},"canonical":"https:\/\/karitativ.hu\/en\/data-record-languages\/","og_locale":"en_US","og_type":"article","og_title":"Adatv\u00e9delmi ir\u00e1nyelvek","og_description":"Adatv\u00e9delmi ir\u00e1nyelvek Az \u00c9telt az \u00c9let\u00e9rt K\u00f6zhaszn\u00fa Alap\u00edtv\u00e1ny tiszteletben tartja a webhelyeit megl\u00e1togat\u00f3 minden szem\u00e9ly szem\u00e9lyis\u00e9gi jogait, \u00e9s az \u00d6nr\u0151l gy\u0171jt\u00f6tt b\u00e1rmely inform\u00e1ci\u00f3t arra haszn\u00e1ljuk fel, hogy t\u00e1j\u00e9koztassuk \u00d6nt programjainkr\u00f3l, fesztiv\u00e1ljainkr\u00f3l. Mindezt az inform\u00e1ci\u00f3k jogszer\u0171 felhaszn\u00e1l\u00e1s\u00e1val tessz\u00fck. Ezeket az inform\u00e1ci\u00f3kat a \u00c9telt az \u00c9let\u00e9rt K\u00f6zhaszn\u00fa Alap\u00edtv\u00e1nyon k\u00edv\u00fcl nem k\u00f6z\u00f6lj\u00fck senkivel. Az inform\u00e1ci\u00f3kat a magyar jog [&hellip;]","og_url":"https:\/\/karitativ.hu\/en\/data-record-languages\/","og_site_name":"Har\u00e9 Krisna \u00c9telt az \u00c9let\u00e9rt Misszi\u00f3","article_publisher":"https:\/\/facebook.com\/etelosztas","article_modified_time":"2025-02-13T08:34:13+00:00","twitter_card":"summary_large_image","twitter_misc":{"Est. reading time":"3 minutes"},"schema":{"@context":"https:\/\/schema.org","@graph":[{"@type":"WebPage","@id":"https:\/\/karitativ.hu\/adatvedelmi-iranyelvek\/","url":"https:\/\/karitativ.hu\/adatvedelmi-iranyelvek\/","name":"Privacy Policy - Har\u00e9 Krishna Food for Life Mission","isPartOf":{"@id":"https:\/\/karitativ.hu\/#website"},"datePublished":"2024-07-26T13:17:14+00:00","dateModified":"2025-02-13T08:34:13+00:00","breadcrumb":{"@id":"https:\/\/karitativ.hu\/adatvedelmi-iranyelvek\/#breadcrumb"},"inLanguage":"en-US","potentialAction":[{"@type":"ReadAction","target":["https:\/\/karitativ.hu\/adatvedelmi-iranyelvek\/"]}]},{"@type":"BreadcrumbList","@id":"https:\/\/karitativ.hu\/adatvedelmi-iranyelvek\/#breadcrumb","itemListElement":[{"@type":"ListItem","position":1,"name":"Kezd\u0151lap","item":"https:\/\/karitativ.hu\/"},{"@type":"ListItem","position":2,"name":"Adatv\u00e9delmi ir\u00e1nyelvek"}]},{"@type":"WebSite","@id":"https:\/\/karitativ.hu\/#website","url":"https:\/\/karitativ.hu\/","name":"Food for Life - Physical and mental health - Budapest","description":"- Physical and mental health","publisher":{"@id":"https:\/\/karitativ.hu\/#organization"},"potentialAction":[{"@type":"SearchAction","target":{"@type":"EntryPoint","urlTemplate":"https:\/\/karitativ.hu\/?s={search_term_string}"},"query-input":{"@type":"PropertyValueSpecification","valueRequired":true,"valueName":"search_term_string"}}],"inLanguage":"en-US"},{"@type":"Organization","@id":"https:\/\/karitativ.hu\/#organization","name":"Food for Life - Physical and mental health - Budapest","url":"https:\/\/karitativ.hu\/","logo":{"@type":"ImageObject","inLanguage":"en-US","@id":"https:\/\/karitativ.hu\/#\/schema\/logo\/image\/","url":"https:\/\/karitativ.hu\/wp-content\/uploads\/2024\/04\/FFL-logo-final-2023.png","contentUrl":"https:\/\/karitativ.hu\/wp-content\/uploads\/2024\/04\/FFL-logo-final-2023.png","width":1439,"height":1742,"caption":"\u00c9telt az \u00c9let\u00e9rt \u2013 Testi-lelki eg\u00e9szs\u00e9g - Budapest"},"image":{"@id":"https:\/\/karitativ.hu\/#\/schema\/logo\/image\/"},"sameAs":["https:\/\/facebook.com\/etelosztas"]}]}},"campaignId":"","_links":{"self":[{"href":"https:\/\/karitativ.hu\/en\/wp-json\/wp\/v2\/pages\/7315","targetHints":{"allow":["GET"]}}],"collection":[{"href":"https:\/\/karitativ.hu\/en\/wp-json\/wp\/v2\/pages"}],"about":[{"href":"https:\/\/karitativ.hu\/en\/wp-json\/wp\/v2\/types\/page"}],"author":[{"embeddable":true,"href":"https:\/\/karitativ.hu\/en\/wp-json\/wp\/v2\/users\/2"}],"replies":[{"embeddable":true,"href":"https:\/\/karitativ.hu\/en\/wp-json\/wp\/v2\/comments?post=7315"}],"version-history":[{"count":0,"href":"https:\/\/karitativ.hu\/en\/wp-json\/wp\/v2\/pages\/7315\/revisions"}],"wp:attachment":[{"href":"https:\/\/karitativ.hu\/en\/wp-json\/wp\/v2\/media?parent=7315"}],"curies":[{"name":"wp","href":"https:\/\/api.w.org\/{rel}","templated":true}]}}