{"id":7383,"date":"2024-07-26T15:40:25","date_gmt":"2024-07-26T13:40:25","guid":{"rendered":"https:\/\/dev.karitativ.hu\/?page_id=7383"},"modified":"2024-07-26T15:44:04","modified_gmt":"2024-07-26T13:44:04","slug":"nepkonyha-igenybevetele","status":"publish","type":"page","link":"https:\/\/karitativ.hu\/en\/nepkonyha-igenybevetele\/","title":{"rendered":"Use of the canteen"},"content":{"rendered":"<div data-elementor-type=\"wp-page\" data-elementor-id=\"7383\" class=\"elementor elementor-7383\" data-elementor-post-type=\"page\">\n\t\t\t\t\t\t<section class=\"elementor-section elementor-top-section elementor-element elementor-element-64e8244e elementor-section-boxed elementor-section-height-default elementor-section-height-default\" data-id=\"64e8244e\" data-element_type=\"section\" data-e-type=\"section\" data-settings=\"{&quot;background_background&quot;:&quot;classic&quot;}\">\n\t\t\t\t\t\t\t<div class=\"elementor-background-overlay\"><\/div>\n\t\t\t\t\t\t\t<div class=\"elementor-container elementor-column-gap-no\">\n\t\t\t\t\t<div class=\"elementor-column elementor-col-100 elementor-top-column elementor-element elementor-element-7bdb1e32\" data-id=\"7bdb1e32\" data-element_type=\"column\" data-e-type=\"column\">\n\t\t\t<div class=\"elementor-widget-wrap elementor-element-populated\">\n\t\t\t\t\t\t<div class=\"elementor-element elementor-element-50ec0dc4 elementor-widget-divider--view-line elementor-widget elementor-widget-divider\" data-id=\"50ec0dc4\" data-element_type=\"widget\" data-e-type=\"widget\" data-widget_type=\"divider.default\">\n\t\t\t\t<div class=\"elementor-widget-container\">\n\t\t\t\t\t\t\t<div class=\"elementor-divider\">\n\t\t\t<span class=\"elementor-divider-separator\">\n\t\t\t\t\t\t<\/span>\n\t\t<\/div>\n\t\t\t\t\t\t<\/div>\n\t\t\t\t<\/div>\n\t\t\t\t\t<\/div>\n\t\t<\/div>\n\t\t\t\t\t<\/div>\n\t\t<\/section>\n\t\t\t\t<section class=\"elementor-section elementor-top-section elementor-element elementor-element-4b18d657 elementor-section-content-middle elementor-section-boxed elementor-section-height-default elementor-section-height-default\" data-id=\"4b18d657\" data-element_type=\"section\" data-e-type=\"section\">\n\t\t\t\t\t\t<div class=\"elementor-container elementor-column-gap-no\">\n\t\t\t\t\t<div class=\"elementor-column elementor-col-100 elementor-top-column elementor-element elementor-element-7ad3eabc\" data-id=\"7ad3eabc\" data-element_type=\"column\" data-e-type=\"column\">\n\t\t\t<div class=\"elementor-widget-wrap elementor-element-populated\">\n\t\t\t\t\t\t<div class=\"elementor-element elementor-element-aab6cc6 elementor-widget elementor-widget-heading\" data-id=\"aab6cc6\" data-element_type=\"widget\" data-e-type=\"widget\" data-widget_type=\"heading.default\">\n\t\t\t\t<div class=\"elementor-widget-container\">\n\t\t\t\t\t<h2 class=\"elementor-heading-title elementor-size-default\">Information on the reporting obligations for the soup kitchen service\n<\/h2>\t\t\t\t<\/div>\n\t\t\t\t<\/div>\n\t\t\t\t<div class=\"elementor-element elementor-element-895a7da elementor-widget elementor-widget-text-editor\" data-id=\"895a7da\" data-element_type=\"widget\" data-e-type=\"widget\" data-widget_type=\"text-editor.default\">\n\t\t\t\t<div class=\"elementor-widget-container\">\n\t\t\t\t\t\t\t\t\t<p><strong>Dear Customers!<\/strong><\/p><p>Paragraphs (1) and (4) of Article 20\/C of Act III of 1993 on Social Administration and Social Benefits (hereinafter: Act III of 1993 on Social Administration and Social Benefits), Act L of 2018 on the Central Budget of Hungary for 2019 (hereinafter: Act L of 2018 on the Central Budget of Hungary for 2019), Annex 2 Supplementary Rules 5.\u00a0<em>Specific additional rules for aid under Title III<\/em>\u00a0f), and pursuant to Article 1 (1) (a) of Government Decree 415\/2015 (XII. 23.) on the register of social, child welfare and child protection claimants and the national reporting system (hereinafter: Nyr)\u00a0<strong>As of 1 January 2019, in the case of the budget-supported soup kitchen service, data on the recipients must be provided in the Register of Recipients, which is a prerequisite for the application of the normative allowance.<\/strong><\/p><p>Pursuant to Article 20 (2) (a) to (c) and Article 20\/C (1) and (4) of the Social Code, the data provided for the public kitchen service shall include the following data for users over the age of 18:<\/p><ul><li>your natural person identification data (name, name at birth, place and date of birth, mother's name at birth) and your Social Security Number (social security number),<\/li><li>your place of residence and domicile,<\/li><li>nationality, immigrant, settled or refugee status, stateless status, data concerning the right of free movement and residence.<\/li><\/ul><p>If the recipient does not have a social security number and the person entitled to apply for a social security number does not obtain the social security number within sixty days, the person concerned may not be listed as a recipient in the periodic report from the day after the deadline (Section 7 (4) of the Nyr.)<\/p><p>The kitchen service\u00a0<strong>Under 18 years old<\/strong>\u00a0person\u00a0<strong>you cannot use<\/strong>.<\/p><p>Pursuant to point 5(i) of the Additional Rules in Annex 2 to the Implementing Rules (rules on simultaneous application)\u00a0<strong><u>the soup kitchen service cannot be used in parallel\u00a0<\/u><\/strong>with the following services:<\/p><ul><li>social catering (public or social kitchen)<\/li><li>basic child welfare services (exception: in the case of a family transition home, there is a possibility of parallel use)<\/li><li>specialised child protection care (exception: in the case of aftercare, parallel access is possible)<\/li><li>specialised social care (exceptions: night shelters, temporary accommodation for homeless people, supported housing with the possibility of parallel use)<\/li><\/ul><p>Pursuant to Section 134\/G (6) of the Act, Annex 2 Supplementary Rules 5.\u00a0<em>i)<\/em>\u00a0Point\u00a0<em>ia)<\/em>\u00a0shall apply to soup kitchens from 1 May 2019, and therefore\u00a0<strong>For the period 1 January 2019 to 30 April 2019, the parallel use of the soup kitchen service with the soup kitchen service has no funding implications.<\/strong><\/p><p>For further assistance, please contact:<\/p><p>email:\u00a0<a href=\"mailto:kenyszi@onyf.allamkincstar.gov.hu\"><strong>info@karitativ.hu<\/strong><\/a><\/p><p>Thank you for your cooperation!<\/p>\t\t\t\t\t\t\t\t<\/div>\n\t\t\t\t<\/div>\n\t\t\t\t\t<\/div>\n\t\t<\/div>\n\t\t\t\t\t<\/div>\n\t\t<\/section>\n\t\t\t\t<\/div>","protected":false},"excerpt":{"rendered":"<p>Kezd\u0151lap N\u00e9pkonyha ig\u00e9nybev\u00e9tele T\u00e1j\u00e9koztat\u00e1s a n\u00e9pkonyha szolg\u00e1ltat\u00e1s jelent\u00e9si k\u00f6telezetts\u00e9g\u00e9r\u0151l Tisztelt \u00dcgyfeleink! A szoci\u00e1lis igazgat\u00e1sr\u00f3l \u00e9s szoci\u00e1lis ell\u00e1t\u00e1sokr\u00f3l sz\u00f3l\u00f3 1993. \u00e9vi III. t\u00f6rv\u00e9ny (a tov\u00e1bbiakban: Szt.) 20\/C. \u00a7 (1) \u00e9s (4) bekezd\u00e9sei, a Magyarorsz\u00e1g 2019. \u00e9vi k\u00f6zponti k\u00f6lts\u00e9gvet\u00e9s\u00e9r\u0151l sz\u00f3l\u00f3 2018. \u00e9vi L. t\u00f6rv\u00e9ny (a tov\u00e1bbiakban: Kvtv.) 2. mell\u00e9klet Kieg\u00e9sz\u00edt\u0151 szab\u00e1lyok 5.\u00a0A III. jogc\u00edm szerinti t\u00e1mogat\u00e1sokra vonatkoz\u00f3 [&hellip;]<\/p>\n","protected":false},"author":2,"featured_media":0,"parent":0,"menu_order":0,"comment_status":"closed","ping_status":"closed","template":"elementor_header_footer","meta":{"give_campaign_id":0,"footnotes":""},"class_list":["post-7383","page","type-page","status-publish","hentry"],"yoast_head":"<!-- This site is optimized with the Yoast SEO Premium plugin v27.3 (Yoast SEO v27.3) - https:\/\/yoast.com\/product\/yoast-seo-premium-wordpress\/ -->\n<title>N\u00e9pkonyha ig\u00e9nybev\u00e9tele - Har\u00e9 Krisna \u00c9telt az \u00c9let\u00e9rt Misszi\u00f3<\/title>\n<meta name=\"robots\" content=\"index, follow, max-snippet:-1, max-image-preview:large, max-video-preview:-1\" \/>\n<link rel=\"canonical\" href=\"https:\/\/karitativ.hu\/en\/nepkonyha-igenybevetele\/\" \/>\n<meta property=\"og:locale\" content=\"en_US\" \/>\n<meta property=\"og:type\" content=\"article\" \/>\n<meta property=\"og:title\" content=\"N\u00e9pkonyha ig\u00e9nybev\u00e9tele\" \/>\n<meta property=\"og:description\" content=\"Kezd\u0151lap N\u00e9pkonyha ig\u00e9nybev\u00e9tele T\u00e1j\u00e9koztat\u00e1s a n\u00e9pkonyha szolg\u00e1ltat\u00e1s jelent\u00e9si k\u00f6telezetts\u00e9g\u00e9r\u0151l Tisztelt \u00dcgyfeleink! A szoci\u00e1lis igazgat\u00e1sr\u00f3l \u00e9s szoci\u00e1lis ell\u00e1t\u00e1sokr\u00f3l sz\u00f3l\u00f3 1993. \u00e9vi III. t\u00f6rv\u00e9ny (a tov\u00e1bbiakban: Szt.) 20\/C. \u00a7 (1) \u00e9s (4) bekezd\u00e9sei, a Magyarorsz\u00e1g 2019. \u00e9vi k\u00f6zponti k\u00f6lts\u00e9gvet\u00e9s\u00e9r\u0151l sz\u00f3l\u00f3 2018. \u00e9vi L. t\u00f6rv\u00e9ny (a tov\u00e1bbiakban: Kvtv.) 2. mell\u00e9klet Kieg\u00e9sz\u00edt\u0151 szab\u00e1lyok 5.\u00a0A III. jogc\u00edm szerinti t\u00e1mogat\u00e1sokra vonatkoz\u00f3 [&hellip;]\" \/>\n<meta property=\"og:url\" content=\"https:\/\/karitativ.hu\/en\/nepkonyha-igenybevetele\/\" \/>\n<meta property=\"og:site_name\" content=\"Har\u00e9 Krisna \u00c9telt az \u00c9let\u00e9rt Misszi\u00f3\" \/>\n<meta property=\"article:publisher\" content=\"https:\/\/facebook.com\/etelosztas\" \/>\n<meta property=\"article:modified_time\" content=\"2024-07-26T13:44:04+00:00\" \/>\n<meta name=\"twitter:card\" content=\"summary_large_image\" \/>\n<meta name=\"twitter:label1\" content=\"Est. reading time\" \/>\n\t<meta name=\"twitter:data1\" content=\"2 minutes\" \/>\n<script type=\"application\/ld+json\" class=\"yoast-schema-graph\">{\"@context\":\"https:\\\/\\\/schema.org\",\"@graph\":[{\"@type\":\"WebPage\",\"@id\":\"https:\\\/\\\/karitativ.hu\\\/nepkonyha-igenybevetele\\\/\",\"url\":\"https:\\\/\\\/karitativ.hu\\\/nepkonyha-igenybevetele\\\/\",\"name\":\"N\u00e9pkonyha ig\u00e9nybev\u00e9tele - Har\u00e9 Krisna \u00c9telt az \u00c9let\u00e9rt Misszi\u00f3\",\"isPartOf\":{\"@id\":\"https:\\\/\\\/karitativ.hu\\\/#website\"},\"datePublished\":\"2024-07-26T13:40:25+00:00\",\"dateModified\":\"2024-07-26T13:44:04+00:00\",\"breadcrumb\":{\"@id\":\"https:\\\/\\\/karitativ.hu\\\/nepkonyha-igenybevetele\\\/#breadcrumb\"},\"inLanguage\":\"en-US\",\"potentialAction\":[{\"@type\":\"ReadAction\",\"target\":[\"https:\\\/\\\/karitativ.hu\\\/nepkonyha-igenybevetele\\\/\"]}]},{\"@type\":\"BreadcrumbList\",\"@id\":\"https:\\\/\\\/karitativ.hu\\\/nepkonyha-igenybevetele\\\/#breadcrumb\",\"itemListElement\":[{\"@type\":\"ListItem\",\"position\":1,\"name\":\"Kezd\u0151lap\",\"item\":\"https:\\\/\\\/karitativ.hu\\\/\"},{\"@type\":\"ListItem\",\"position\":2,\"name\":\"N\u00e9pkonyha ig\u00e9nybev\u00e9tele\"}]},{\"@type\":\"WebSite\",\"@id\":\"https:\\\/\\\/karitativ.hu\\\/#website\",\"url\":\"https:\\\/\\\/karitativ.hu\\\/\",\"name\":\"\u00c9telt az \u00c9let\u00e9rt \u2013 Testi-lelki eg\u00e9szs\u00e9g - Budapest\",\"description\":\"\u2013 Testi-lelki eg\u00e9szs\u00e9g\",\"publisher\":{\"@id\":\"https:\\\/\\\/karitativ.hu\\\/#organization\"},\"potentialAction\":[{\"@type\":\"SearchAction\",\"target\":{\"@type\":\"EntryPoint\",\"urlTemplate\":\"https:\\\/\\\/karitativ.hu\\\/?s={search_term_string}\"},\"query-input\":{\"@type\":\"PropertyValueSpecification\",\"valueRequired\":true,\"valueName\":\"search_term_string\"}}],\"inLanguage\":\"en-US\"},{\"@type\":\"Organization\",\"@id\":\"https:\\\/\\\/karitativ.hu\\\/#organization\",\"name\":\"\u00c9telt az \u00c9let\u00e9rt \u2013 Testi-lelki eg\u00e9szs\u00e9g - Budapest\",\"url\":\"https:\\\/\\\/karitativ.hu\\\/\",\"logo\":{\"@type\":\"ImageObject\",\"inLanguage\":\"en-US\",\"@id\":\"https:\\\/\\\/karitativ.hu\\\/#\\\/schema\\\/logo\\\/image\\\/\",\"url\":\"https:\\\/\\\/karitativ.hu\\\/wp-content\\\/uploads\\\/2024\\\/04\\\/FFL-logo-final-2023.png\",\"contentUrl\":\"https:\\\/\\\/karitativ.hu\\\/wp-content\\\/uploads\\\/2024\\\/04\\\/FFL-logo-final-2023.png\",\"width\":1439,\"height\":1742,\"caption\":\"\u00c9telt az \u00c9let\u00e9rt \u2013 Testi-lelki eg\u00e9szs\u00e9g - Budapest\"},\"image\":{\"@id\":\"https:\\\/\\\/karitativ.hu\\\/#\\\/schema\\\/logo\\\/image\\\/\"},\"sameAs\":[\"https:\\\/\\\/facebook.com\\\/etelosztas\"]}]}<\/script>\n<!-- \/ Yoast SEO Premium plugin. -->","yoast_head_json":{"title":"Use of a soup kitchen - Har\u00e9 Krishna Missionary for Food for Life","robots":{"index":"index","follow":"follow","max-snippet":"max-snippet:-1","max-image-preview":"max-image-preview:large","max-video-preview":"max-video-preview:-1"},"canonical":"https:\/\/karitativ.hu\/en\/nepkonyha-igenybevetele\/","og_locale":"en_US","og_type":"article","og_title":"N\u00e9pkonyha ig\u00e9nybev\u00e9tele","og_description":"Kezd\u0151lap N\u00e9pkonyha ig\u00e9nybev\u00e9tele T\u00e1j\u00e9koztat\u00e1s a n\u00e9pkonyha szolg\u00e1ltat\u00e1s jelent\u00e9si k\u00f6telezetts\u00e9g\u00e9r\u0151l Tisztelt \u00dcgyfeleink! A szoci\u00e1lis igazgat\u00e1sr\u00f3l \u00e9s szoci\u00e1lis ell\u00e1t\u00e1sokr\u00f3l sz\u00f3l\u00f3 1993. \u00e9vi III. t\u00f6rv\u00e9ny (a tov\u00e1bbiakban: Szt.) 20\/C. \u00a7 (1) \u00e9s (4) bekezd\u00e9sei, a Magyarorsz\u00e1g 2019. \u00e9vi k\u00f6zponti k\u00f6lts\u00e9gvet\u00e9s\u00e9r\u0151l sz\u00f3l\u00f3 2018. \u00e9vi L. t\u00f6rv\u00e9ny (a tov\u00e1bbiakban: Kvtv.) 2. mell\u00e9klet Kieg\u00e9sz\u00edt\u0151 szab\u00e1lyok 5.\u00a0A III. jogc\u00edm szerinti t\u00e1mogat\u00e1sokra vonatkoz\u00f3 [&hellip;]","og_url":"https:\/\/karitativ.hu\/en\/nepkonyha-igenybevetele\/","og_site_name":"Har\u00e9 Krisna \u00c9telt az \u00c9let\u00e9rt Misszi\u00f3","article_publisher":"https:\/\/facebook.com\/etelosztas","article_modified_time":"2024-07-26T13:44:04+00:00","twitter_card":"summary_large_image","twitter_misc":{"Est. reading time":"2 minutes"},"schema":{"@context":"https:\/\/schema.org","@graph":[{"@type":"WebPage","@id":"https:\/\/karitativ.hu\/nepkonyha-igenybevetele\/","url":"https:\/\/karitativ.hu\/nepkonyha-igenybevetele\/","name":"Use of a soup kitchen - Har\u00e9 Krishna Missionary for Food for Life","isPartOf":{"@id":"https:\/\/karitativ.hu\/#website"},"datePublished":"2024-07-26T13:40:25+00:00","dateModified":"2024-07-26T13:44:04+00:00","breadcrumb":{"@id":"https:\/\/karitativ.hu\/nepkonyha-igenybevetele\/#breadcrumb"},"inLanguage":"en-US","potentialAction":[{"@type":"ReadAction","target":["https:\/\/karitativ.hu\/nepkonyha-igenybevetele\/"]}]},{"@type":"BreadcrumbList","@id":"https:\/\/karitativ.hu\/nepkonyha-igenybevetele\/#breadcrumb","itemListElement":[{"@type":"ListItem","position":1,"name":"Kezd\u0151lap","item":"https:\/\/karitativ.hu\/"},{"@type":"ListItem","position":2,"name":"N\u00e9pkonyha ig\u00e9nybev\u00e9tele"}]},{"@type":"WebSite","@id":"https:\/\/karitativ.hu\/#website","url":"https:\/\/karitativ.hu\/","name":"Food for Life - Physical and mental health - Budapest","description":"- Physical and mental health","publisher":{"@id":"https:\/\/karitativ.hu\/#organization"},"potentialAction":[{"@type":"SearchAction","target":{"@type":"EntryPoint","urlTemplate":"https:\/\/karitativ.hu\/?s={search_term_string}"},"query-input":{"@type":"PropertyValueSpecification","valueRequired":true,"valueName":"search_term_string"}}],"inLanguage":"en-US"},{"@type":"Organization","@id":"https:\/\/karitativ.hu\/#organization","name":"Food for Life - Physical and mental health - Budapest","url":"https:\/\/karitativ.hu\/","logo":{"@type":"ImageObject","inLanguage":"en-US","@id":"https:\/\/karitativ.hu\/#\/schema\/logo\/image\/","url":"https:\/\/karitativ.hu\/wp-content\/uploads\/2024\/04\/FFL-logo-final-2023.png","contentUrl":"https:\/\/karitativ.hu\/wp-content\/uploads\/2024\/04\/FFL-logo-final-2023.png","width":1439,"height":1742,"caption":"\u00c9telt az \u00c9let\u00e9rt \u2013 Testi-lelki eg\u00e9szs\u00e9g - Budapest"},"image":{"@id":"https:\/\/karitativ.hu\/#\/schema\/logo\/image\/"},"sameAs":["https:\/\/facebook.com\/etelosztas"]}]}},"campaignId":"","_links":{"self":[{"href":"https:\/\/karitativ.hu\/en\/wp-json\/wp\/v2\/pages\/7383","targetHints":{"allow":["GET"]}}],"collection":[{"href":"https:\/\/karitativ.hu\/en\/wp-json\/wp\/v2\/pages"}],"about":[{"href":"https:\/\/karitativ.hu\/en\/wp-json\/wp\/v2\/types\/page"}],"author":[{"embeddable":true,"href":"https:\/\/karitativ.hu\/en\/wp-json\/wp\/v2\/users\/2"}],"replies":[{"embeddable":true,"href":"https:\/\/karitativ.hu\/en\/wp-json\/wp\/v2\/comments?post=7383"}],"version-history":[{"count":0,"href":"https:\/\/karitativ.hu\/en\/wp-json\/wp\/v2\/pages\/7383\/revisions"}],"wp:attachment":[{"href":"https:\/\/karitativ.hu\/en\/wp-json\/wp\/v2\/media?parent=7383"}],"curies":[{"name":"wp","href":"https:\/\/api.w.org\/{rel}","templated":true}]}}