{"id":7399,"date":"2024-07-26T15:44:55","date_gmt":"2024-07-26T13:44:55","guid":{"rendered":"https:\/\/dev.karitativ.hu\/?page_id=7399"},"modified":"2024-07-26T15:47:48","modified_gmt":"2024-07-26T13:47:48","slug":"complaints","status":"publish","type":"page","link":"https:\/\/karitativ.hu\/en\/panaszkezeles\/","title":{"rendered":"Complaints handling"},"content":{"rendered":"<div data-elementor-type=\"wp-page\" data-elementor-id=\"7399\" class=\"elementor elementor-7399\" data-elementor-post-type=\"page\">\n\t\t\t\t\t\t<section class=\"elementor-section elementor-top-section elementor-element elementor-element-5c4d1411 elementor-section-boxed elementor-section-height-default elementor-section-height-default\" data-id=\"5c4d1411\" data-element_type=\"section\" data-e-type=\"section\" data-settings=\"{&quot;background_background&quot;:&quot;classic&quot;}\">\n\t\t\t\t\t\t\t<div class=\"elementor-background-overlay\"><\/div>\n\t\t\t\t\t\t\t<div class=\"elementor-container elementor-column-gap-no\">\n\t\t\t\t\t<div class=\"elementor-column elementor-col-100 elementor-top-column elementor-element elementor-element-17c46065\" data-id=\"17c46065\" data-element_type=\"column\" data-e-type=\"column\">\n\t\t\t<div class=\"elementor-widget-wrap elementor-element-populated\">\n\t\t\t\t\t\t<div class=\"elementor-element elementor-element-7b4d15de elementor-widget-divider--view-line elementor-widget elementor-widget-divider\" data-id=\"7b4d15de\" data-element_type=\"widget\" data-e-type=\"widget\" data-widget_type=\"divider.default\">\n\t\t\t\t<div class=\"elementor-widget-container\">\n\t\t\t\t\t\t\t<div class=\"elementor-divider\">\n\t\t\t<span class=\"elementor-divider-separator\">\n\t\t\t\t\t\t<\/span>\n\t\t<\/div>\n\t\t\t\t\t\t<\/div>\n\t\t\t\t<\/div>\n\t\t\t\t\t<\/div>\n\t\t<\/div>\n\t\t\t\t\t<\/div>\n\t\t<\/section>\n\t\t\t\t<section class=\"elementor-section elementor-top-section elementor-element elementor-element-2b01def2 elementor-section-content-middle elementor-section-boxed elementor-section-height-default elementor-section-height-default\" data-id=\"2b01def2\" data-element_type=\"section\" data-e-type=\"section\">\n\t\t\t\t\t\t<div class=\"elementor-container elementor-column-gap-no\">\n\t\t\t\t\t<div class=\"elementor-column elementor-col-100 elementor-top-column elementor-element elementor-element-b4cfa81\" data-id=\"b4cfa81\" data-element_type=\"column\" data-e-type=\"column\">\n\t\t\t<div class=\"elementor-widget-wrap elementor-element-populated\">\n\t\t\t\t\t\t<div class=\"elementor-element elementor-element-f101dfa elementor-widget elementor-widget-text-editor\" data-id=\"f101dfa\" data-element_type=\"widget\" data-e-type=\"widget\" data-widget_type=\"text-editor.default\">\n\t\t\t\t<div class=\"elementor-widget-container\">\n\t\t\t\t\t\t\t\t\t<p>Our guests can contact the head of the Food for Life Foundation with their complaints in writing, using the contact details below:<\/p><ul><li>By electronic means:\u00a0\u00a0<a href=\"mailto:info@karitativ.hu\">info@karitativ.hu<\/a>\u00a0by email,<\/li><li>By post: 1039 Budapest, Lehel utca 15-17.<\/li><\/ul><p>The head of the Foundation is obliged to investigate the complaint and to notify the complainant in writing of the outcome of the investigation within fifteen days.<\/p><p>If the head of the Foundation fails to take action within the deadline or if the complainant does not agree with the action, he or she may appeal to the maintenance authority within eight days of receiving the notification.<\/p><p>The Foundation undertakes to notify the contracting municipality in writing without delay of any complaint it receives and of the outcome of the investigation of the complaint.<\/p>\t\t\t\t\t\t\t\t<\/div>\n\t\t\t\t<\/div>\n\t\t\t\t\t<\/div>\n\t\t<\/div>\n\t\t\t\t\t<\/div>\n\t\t<\/section>\n\t\t\t\t<\/div>","protected":false},"excerpt":{"rendered":"<p>Kezd\u0151lap Panaszkezel\u00e9s Ell\u00e1tott vend\u00e9geink panaszaikkal az \u00c9telt az \u00c9let\u00e9rt K\u00f6zhaszn\u00fa Alap\u00edtv\u00e1ny vezet\u0151j\u00e9hez fordulhatnak \u00edr\u00e1sban, az al\u00e1bbi el\u00e9rhet\u0151s\u00e9geken: Elektronikus \u00faton:\u00a0\u00a0info@karitativ.hu\u00a0email c\u00edmen, Postai \u00faton: 1039 Budapest, Lehel utca 15-17. Az Alap\u00edtv\u00e1ny vezet\u0151je k\u00f6teles a panaszt kivizsg\u00e1lni \u00e9s tizen\u00f6t napon bel\u00fcl a panasztev\u0151t \u00edr\u00e1sban \u00e9rtes\u00edteni a panasz kivizsg\u00e1l\u00e1s\u00e1nak eredm\u00e9ny\u00e9r\u0151l. Amennyiben az Alap\u00edtv\u00e1ny vezet\u0151je hat\u00e1rid\u0151ben nem int\u00e9zkedik, vagy a [&hellip;]<\/p>\n","protected":false},"author":2,"featured_media":0,"parent":0,"menu_order":0,"comment_status":"closed","ping_status":"closed","template":"elementor_header_footer","meta":{"give_campaign_id":0,"footnotes":""},"class_list":["post-7399","page","type-page","status-publish","hentry"],"yoast_head":"<!-- This site is optimized with the Yoast SEO Premium plugin v27.3 (Yoast SEO v27.3) - https:\/\/yoast.com\/product\/yoast-seo-premium-wordpress\/ -->\n<title>Panaszkezel\u00e9s - Har\u00e9 Krisna \u00c9telt az \u00c9let\u00e9rt Misszi\u00f3<\/title>\n<meta name=\"robots\" content=\"index, follow, max-snippet:-1, max-image-preview:large, max-video-preview:-1\" \/>\n<link rel=\"canonical\" href=\"https:\/\/karitativ.hu\/en\/complaints\/\" \/>\n<meta property=\"og:locale\" content=\"en_US\" \/>\n<meta property=\"og:type\" content=\"article\" \/>\n<meta property=\"og:title\" content=\"Panaszkezel\u00e9s\" \/>\n<meta property=\"og:description\" content=\"Kezd\u0151lap Panaszkezel\u00e9s Ell\u00e1tott vend\u00e9geink panaszaikkal az \u00c9telt az \u00c9let\u00e9rt K\u00f6zhaszn\u00fa Alap\u00edtv\u00e1ny vezet\u0151j\u00e9hez fordulhatnak \u00edr\u00e1sban, az al\u00e1bbi el\u00e9rhet\u0151s\u00e9geken: Elektronikus \u00faton:\u00a0\u00a0info@karitativ.hu\u00a0email c\u00edmen, Postai \u00faton: 1039 Budapest, Lehel utca 15-17. Az Alap\u00edtv\u00e1ny vezet\u0151je k\u00f6teles a panaszt kivizsg\u00e1lni \u00e9s tizen\u00f6t napon bel\u00fcl a panasztev\u0151t \u00edr\u00e1sban \u00e9rtes\u00edteni a panasz kivizsg\u00e1l\u00e1s\u00e1nak eredm\u00e9ny\u00e9r\u0151l. Amennyiben az Alap\u00edtv\u00e1ny vezet\u0151je hat\u00e1rid\u0151ben nem int\u00e9zkedik, vagy a [&hellip;]\" \/>\n<meta property=\"og:url\" content=\"https:\/\/karitativ.hu\/en\/complaints\/\" \/>\n<meta property=\"og:site_name\" content=\"Har\u00e9 Krisna \u00c9telt az \u00c9let\u00e9rt Misszi\u00f3\" \/>\n<meta property=\"article:publisher\" content=\"https:\/\/facebook.com\/etelosztas\" \/>\n<meta property=\"article:modified_time\" content=\"2024-07-26T13:47:48+00:00\" \/>\n<meta name=\"twitter:card\" content=\"summary_large_image\" \/>\n<meta name=\"twitter:label1\" content=\"Est. reading time\" \/>\n\t<meta name=\"twitter:data1\" content=\"1 minute\" \/>\n<script type=\"application\/ld+json\" class=\"yoast-schema-graph\">{\"@context\":\"https:\\\/\\\/schema.org\",\"@graph\":[{\"@type\":\"WebPage\",\"@id\":\"https:\\\/\\\/karitativ.hu\\\/panaszkezeles\\\/\",\"url\":\"https:\\\/\\\/karitativ.hu\\\/panaszkezeles\\\/\",\"name\":\"Panaszkezel\u00e9s - Har\u00e9 Krisna \u00c9telt az \u00c9let\u00e9rt Misszi\u00f3\",\"isPartOf\":{\"@id\":\"https:\\\/\\\/karitativ.hu\\\/#website\"},\"datePublished\":\"2024-07-26T13:44:55+00:00\",\"dateModified\":\"2024-07-26T13:47:48+00:00\",\"breadcrumb\":{\"@id\":\"https:\\\/\\\/karitativ.hu\\\/panaszkezeles\\\/#breadcrumb\"},\"inLanguage\":\"en-US\",\"potentialAction\":[{\"@type\":\"ReadAction\",\"target\":[\"https:\\\/\\\/karitativ.hu\\\/panaszkezeles\\\/\"]}]},{\"@type\":\"BreadcrumbList\",\"@id\":\"https:\\\/\\\/karitativ.hu\\\/panaszkezeles\\\/#breadcrumb\",\"itemListElement\":[{\"@type\":\"ListItem\",\"position\":1,\"name\":\"Kezd\u0151lap\",\"item\":\"https:\\\/\\\/karitativ.hu\\\/\"},{\"@type\":\"ListItem\",\"position\":2,\"name\":\"Panaszkezel\u00e9s\"}]},{\"@type\":\"WebSite\",\"@id\":\"https:\\\/\\\/karitativ.hu\\\/#website\",\"url\":\"https:\\\/\\\/karitativ.hu\\\/\",\"name\":\"\u00c9telt az \u00c9let\u00e9rt \u2013 Testi-lelki eg\u00e9szs\u00e9g - Budapest\",\"description\":\"\u2013 Testi-lelki eg\u00e9szs\u00e9g\",\"publisher\":{\"@id\":\"https:\\\/\\\/karitativ.hu\\\/#organization\"},\"potentialAction\":[{\"@type\":\"SearchAction\",\"target\":{\"@type\":\"EntryPoint\",\"urlTemplate\":\"https:\\\/\\\/karitativ.hu\\\/?s={search_term_string}\"},\"query-input\":{\"@type\":\"PropertyValueSpecification\",\"valueRequired\":true,\"valueName\":\"search_term_string\"}}],\"inLanguage\":\"en-US\"},{\"@type\":\"Organization\",\"@id\":\"https:\\\/\\\/karitativ.hu\\\/#organization\",\"name\":\"\u00c9telt az \u00c9let\u00e9rt \u2013 Testi-lelki eg\u00e9szs\u00e9g - Budapest\",\"url\":\"https:\\\/\\\/karitativ.hu\\\/\",\"logo\":{\"@type\":\"ImageObject\",\"inLanguage\":\"en-US\",\"@id\":\"https:\\\/\\\/karitativ.hu\\\/#\\\/schema\\\/logo\\\/image\\\/\",\"url\":\"https:\\\/\\\/karitativ.hu\\\/wp-content\\\/uploads\\\/2024\\\/04\\\/FFL-logo-final-2023.png\",\"contentUrl\":\"https:\\\/\\\/karitativ.hu\\\/wp-content\\\/uploads\\\/2024\\\/04\\\/FFL-logo-final-2023.png\",\"width\":1439,\"height\":1742,\"caption\":\"\u00c9telt az \u00c9let\u00e9rt \u2013 Testi-lelki eg\u00e9szs\u00e9g - Budapest\"},\"image\":{\"@id\":\"https:\\\/\\\/karitativ.hu\\\/#\\\/schema\\\/logo\\\/image\\\/\"},\"sameAs\":[\"https:\\\/\\\/facebook.com\\\/etelosztas\"]}]}<\/script>\n<!-- \/ Yoast SEO Premium plugin. -->","yoast_head_json":{"title":"Complaint handling - Har\u00e9 Krishna Food for Life Mission","robots":{"index":"index","follow":"follow","max-snippet":"max-snippet:-1","max-image-preview":"max-image-preview:large","max-video-preview":"max-video-preview:-1"},"canonical":"https:\/\/karitativ.hu\/en\/complaints\/","og_locale":"en_US","og_type":"article","og_title":"Panaszkezel\u00e9s","og_description":"Kezd\u0151lap Panaszkezel\u00e9s Ell\u00e1tott vend\u00e9geink panaszaikkal az \u00c9telt az \u00c9let\u00e9rt K\u00f6zhaszn\u00fa Alap\u00edtv\u00e1ny vezet\u0151j\u00e9hez fordulhatnak \u00edr\u00e1sban, az al\u00e1bbi el\u00e9rhet\u0151s\u00e9geken: Elektronikus \u00faton:\u00a0\u00a0info@karitativ.hu\u00a0email c\u00edmen, Postai \u00faton: 1039 Budapest, Lehel utca 15-17. Az Alap\u00edtv\u00e1ny vezet\u0151je k\u00f6teles a panaszt kivizsg\u00e1lni \u00e9s tizen\u00f6t napon bel\u00fcl a panasztev\u0151t \u00edr\u00e1sban \u00e9rtes\u00edteni a panasz kivizsg\u00e1l\u00e1s\u00e1nak eredm\u00e9ny\u00e9r\u0151l. Amennyiben az Alap\u00edtv\u00e1ny vezet\u0151je hat\u00e1rid\u0151ben nem int\u00e9zkedik, vagy a [&hellip;]","og_url":"https:\/\/karitativ.hu\/en\/complaints\/","og_site_name":"Har\u00e9 Krisna \u00c9telt az \u00c9let\u00e9rt Misszi\u00f3","article_publisher":"https:\/\/facebook.com\/etelosztas","article_modified_time":"2024-07-26T13:47:48+00:00","twitter_card":"summary_large_image","twitter_misc":{"Est. reading time":"1 minute"},"schema":{"@context":"https:\/\/schema.org","@graph":[{"@type":"WebPage","@id":"https:\/\/karitativ.hu\/panaszkezeles\/","url":"https:\/\/karitativ.hu\/panaszkezeles\/","name":"Complaint handling - Har\u00e9 Krishna Food for Life Mission","isPartOf":{"@id":"https:\/\/karitativ.hu\/#website"},"datePublished":"2024-07-26T13:44:55+00:00","dateModified":"2024-07-26T13:47:48+00:00","breadcrumb":{"@id":"https:\/\/karitativ.hu\/panaszkezeles\/#breadcrumb"},"inLanguage":"en-US","potentialAction":[{"@type":"ReadAction","target":["https:\/\/karitativ.hu\/panaszkezeles\/"]}]},{"@type":"BreadcrumbList","@id":"https:\/\/karitativ.hu\/panaszkezeles\/#breadcrumb","itemListElement":[{"@type":"ListItem","position":1,"name":"Kezd\u0151lap","item":"https:\/\/karitativ.hu\/"},{"@type":"ListItem","position":2,"name":"Panaszkezel\u00e9s"}]},{"@type":"WebSite","@id":"https:\/\/karitativ.hu\/#website","url":"https:\/\/karitativ.hu\/","name":"Food for Life - Physical and mental health - Budapest","description":"- Physical and mental health","publisher":{"@id":"https:\/\/karitativ.hu\/#organization"},"potentialAction":[{"@type":"SearchAction","target":{"@type":"EntryPoint","urlTemplate":"https:\/\/karitativ.hu\/?s={search_term_string}"},"query-input":{"@type":"PropertyValueSpecification","valueRequired":true,"valueName":"search_term_string"}}],"inLanguage":"en-US"},{"@type":"Organization","@id":"https:\/\/karitativ.hu\/#organization","name":"Food for Life - Physical and mental health - Budapest","url":"https:\/\/karitativ.hu\/","logo":{"@type":"ImageObject","inLanguage":"en-US","@id":"https:\/\/karitativ.hu\/#\/schema\/logo\/image\/","url":"https:\/\/karitativ.hu\/wp-content\/uploads\/2024\/04\/FFL-logo-final-2023.png","contentUrl":"https:\/\/karitativ.hu\/wp-content\/uploads\/2024\/04\/FFL-logo-final-2023.png","width":1439,"height":1742,"caption":"\u00c9telt az \u00c9let\u00e9rt \u2013 Testi-lelki eg\u00e9szs\u00e9g - Budapest"},"image":{"@id":"https:\/\/karitativ.hu\/#\/schema\/logo\/image\/"},"sameAs":["https:\/\/facebook.com\/etelosztas"]}]}},"campaignId":"","_links":{"self":[{"href":"https:\/\/karitativ.hu\/en\/wp-json\/wp\/v2\/pages\/7399","targetHints":{"allow":["GET"]}}],"collection":[{"href":"https:\/\/karitativ.hu\/en\/wp-json\/wp\/v2\/pages"}],"about":[{"href":"https:\/\/karitativ.hu\/en\/wp-json\/wp\/v2\/types\/page"}],"author":[{"embeddable":true,"href":"https:\/\/karitativ.hu\/en\/wp-json\/wp\/v2\/users\/2"}],"replies":[{"embeddable":true,"href":"https:\/\/karitativ.hu\/en\/wp-json\/wp\/v2\/comments?post=7399"}],"version-history":[{"count":0,"href":"https:\/\/karitativ.hu\/en\/wp-json\/wp\/v2\/pages\/7399\/revisions"}],"wp:attachment":[{"href":"https:\/\/karitativ.hu\/en\/wp-json\/wp\/v2\/media?parent=7399"}],"curies":[{"name":"wp","href":"https:\/\/api.w.org\/{rel}","templated":true}]}}