{"id":7413,"date":"2024-07-26T15:48:37","date_gmt":"2024-07-26T13:48:37","guid":{"rendered":"https:\/\/dev.karitativ.hu\/?page_id=7413"},"modified":"2025-03-18T12:07:01","modified_gmt":"2025-03-18T11:07:01","slug":"data-management-information-for-our-customers","status":"publish","type":"page","link":"https:\/\/karitativ.hu\/en\/adatkezelesi-tajekoztato-kilienseink-reszere\/","title":{"rendered":"Privacy notice for our members"},"content":{"rendered":"<div data-elementor-type=\"wp-page\" data-elementor-id=\"7413\" class=\"elementor elementor-7413\" data-elementor-post-type=\"page\">\n\t\t\t\t\t\t<section class=\"elementor-section elementor-top-section elementor-element elementor-element-3cd5f203 elementor-section-boxed elementor-section-height-default elementor-section-height-default\" data-id=\"3cd5f203\" data-element_type=\"section\" data-e-type=\"section\" data-settings=\"{&quot;background_background&quot;:&quot;classic&quot;}\">\n\t\t\t\t\t\t\t<div class=\"elementor-background-overlay\"><\/div>\n\t\t\t\t\t\t\t<div class=\"elementor-container elementor-column-gap-no\">\n\t\t\t\t\t<div class=\"elementor-column elementor-col-100 elementor-top-column elementor-element elementor-element-1b66265f\" data-id=\"1b66265f\" data-element_type=\"column\" data-e-type=\"column\">\n\t\t\t<div class=\"elementor-widget-wrap elementor-element-populated\">\n\t\t\t\t\t\t<div class=\"elementor-element elementor-element-66185091 elementor-widget-divider--view-line elementor-widget elementor-widget-divider\" data-id=\"66185091\" data-element_type=\"widget\" data-e-type=\"widget\" data-widget_type=\"divider.default\">\n\t\t\t\t<div class=\"elementor-widget-container\">\n\t\t\t\t\t\t\t<div class=\"elementor-divider\">\n\t\t\t<span class=\"elementor-divider-separator\">\n\t\t\t\t\t\t<\/span>\n\t\t<\/div>\n\t\t\t\t\t\t<\/div>\n\t\t\t\t<\/div>\n\t\t\t\t\t<\/div>\n\t\t<\/div>\n\t\t\t\t\t<\/div>\n\t\t<\/section>\n\t\t\t\t<section class=\"elementor-section elementor-top-section elementor-element elementor-element-394e3371 elementor-section-content-middle elementor-section-boxed elementor-section-height-default elementor-section-height-default\" data-id=\"394e3371\" data-element_type=\"section\" data-e-type=\"section\">\n\t\t\t\t\t\t<div class=\"elementor-container elementor-column-gap-no\">\n\t\t\t\t\t<div class=\"elementor-column elementor-col-100 elementor-top-column elementor-element elementor-element-283b630c\" data-id=\"283b630c\" data-element_type=\"column\" data-e-type=\"column\">\n\t\t\t<div class=\"elementor-widget-wrap elementor-element-populated\">\n\t\t\t\t\t\t<div class=\"elementor-element elementor-element-f2d468c elementor-widget elementor-widget-text-editor\" data-id=\"f2d468c\" data-element_type=\"widget\" data-e-type=\"widget\" data-widget_type=\"text-editor.default\">\n\t\t\t\t<div class=\"elementor-widget-container\">\n\t\t\t\t\t\t\t\t\t<p><strong>Social catering - For the use of the soup kitchen service<\/strong><\/p><p>The purpose of this privacy statement and declaration is to ensure that the activities of the service provider comply with the applicable legal regulations, in particular with regard to the obligations set out in Act CXII of 2011 and EU Regulation 2016\/679, and to protect the vital interests of the data subjects, in particular the possibility to use the service, in addition to the lawful processing of the data of the data subjects using the service.<\/p><ul><li>Data Controller\/Service Provider:\u00a0<strong>Food for Life Public Benefit Foundation<\/strong><\/li><li>Representative:Attila Szanyi-Karl Chairman of the Board of Trustees<\/li><li>Registration number: 7439;<\/li><li>Court order number: 11.Pk.60163\/1999<\/li><li>Address: 1039 Budapest, Lehel utca 15.<\/li><li>E-mail address: info@karitativ.hu<\/li><li>Data Protection Officer: Gergely Nagy<\/li><li>Contact details of the Data Protection Officer: info@karitativ.hu<\/li><li>Subject of the service: Social catering - People's kitchen<\/li><li>Duration of processing:\u00a0<strong>until revoked<\/strong><\/li><li>The legal basis, purpose, scope of data processed and duration of data processing: the legal basis of data processing for all data recorded is the consent of the person using the social catering service pursuant to Section 5 (1) a) of Act CXII of 2011 on the Right to Informational Self-Determination and Freedom of Information (hereinafter: Info.tv.). On the basis of this information, we process the following data of the Data Subject:<\/li><li>Name:<\/li><li>Name at birth:<\/li><li>Place and date of birth:<\/li><li>Mother's maiden name:<\/li><li>Place of residence:<\/li><li>Residence:<\/li><li>Citizenship:<\/li><li>Social Security Identification Number (SSID)<\/li><\/ul><p>As the service provider, when providing the service (Catering), is subject to the provisions of the Government Decree 415\/2015 (XII. 23.) Regulation (EU) No.. The Service Provider shall record the personal data in the KENYSZI system described above\u00a0<strong>to any third party beyond the recording of the data.<\/strong><\/p><p><strong><em>\u00a0<\/em><\/strong><strong><em>Concepts:<\/em><\/strong><\/p><p><strong><em>\u00a0<\/em><\/strong>Under the GDPR\u00a0<strong>\u201epersonal data\u201d<\/strong><strong>:<\/strong>\u00a0any information relating to an identified or identifiable natural person (\u201edata subject\u201d); an identifiable natural person is one who can be identified, directly or indirectly, in particular by reference to an identifier such as a name, number, location data, an online identifier or to one or more factors specific to the physical, physiological, genetic, mental, economic, cultural or social identity of that natural person. In the interpretation of the Info Act, personal data is any information relating to the data subject.<\/p><p><strong>\u00a0\u201econtribution\u201d<\/strong><strong>:<\/strong>\u00a0a clear and active indication, on a voluntary, explicit and properly informed basis, of the data subject's wishes, by which he or she signifies, by a statement or by other conduct unambiguously expressing his or her wishes, his or her consent to the processing of personal data relating to him or her;<\/p><p><strong>\u00a0 \u201edata management\u201d:<\/strong>\u00a0whatever the procedure used, any operation or set of operations which is performed upon the data, in particular any collection, recording, recording, organisation, storage, alteration, use, retrieval, disclosure, transmission, alignment or combination, blocking, erasure or destruction of data, prevention of their further use, taking of photographs, sound recordings or images and the recording of physical characteristics which can be used to identify a person (e.g. fingerprints, palm prints, DNA samples, iris scans).<\/p><p><strong><u>\u00a0<\/u><\/strong><strong><u>We inform our clients using our services that the<\/u><\/strong>\u00a0Under Annex 2, point 5(i) of the Additional Rules (rules on simultaneous application) to the Implementing Rules\u00a0<strong><u>the soup kitchen service cannot be used in parallel<\/u>\u00a0with the following services:<\/strong><\/p><p>\u2013\u00a0\u00a0\u00a0\u00a0\u00a0\u00a0\u00a0\u00a0\u00a0\u00a0\u00a0<strong><u>social catering<\/u><\/strong>\u00a0(people's kitchen or social kitchen)<\/p><p>\u2013\u00a0\u00a0\u00a0\u00a0\u00a0\u00a0\u00a0\u00a0\u00a0\u00a0\u00a0<strong><u>primary child welfare services<\/u><\/strong>\u00a0(exception: families may request information before a temporary admission (<strong>right to prior information<\/strong>),<\/p><ol><li>on request, have their personal data and information relating to their processing made available to them by the controller (<strong>right of access<\/strong>),<\/li><li>have their personal data corrected or completed by the controller at their request (<strong>right to rectification<\/strong>),<\/li><li>at their request, the controller restricts the processing of their personal data (<strong>the right to restriction of processing<\/strong>),<\/li><li>have their personal data deleted by the controller at their request (<strong>in case of cancellation, parallel use is possible)<\/strong>\u2013\u00a0\u00a0\u00a0\u00a0\u00a0\u00a0\u00a0\u00a0\u00a0\u00a0\u00a0<strong><u>specialised childcare<\/u><\/strong>\u00a0(exception: in the case of aftercare, parallel use is possible)\u00a0\u00a0\u00a0\u00a0\u00a0\u00a0\u00a0\u00a0\u00a0\u00a0\u00a0<strong><u>specialised social care<\/u><\/strong>\u00a0(exceptions: night shelters, temporary accommodation for homeless people, supported housing with the possibility of parallel use)<p><strong>\u00a0<\/strong><strong>Information on data subjects' rights<\/strong><\/p><p><strong>\u00a0<\/strong>personal data processed by the service provider<\/p><p>Persons using the service<\/p><ol><li>the facts relating to the processing of the data before the processing starts<\/li><\/ol><p><strong>\u00a0the right to<\/strong>)<\/p><\/li><li><strong>may withdraw their consent<\/strong><\/li><li>your supervisory authority<strong>\u00a0they can complain about<\/strong><\/li><\/ol><p>Legal remedies under the Info.tv. and the Civil Code (Act V of 2013)<\/p><p>The data subject has the right to lodge a complaint with the National Authority for Data Protection and Freedom of Information (1125 Budapest, Szil\u00e1gyi Erzs\u00e9bet fasor 22\/c.; www.naih.hu, Phone: +36 (1) 391-1400, Fax: +36 (1) 391-1410, E-mail: ugyfelszolgalat@naih.hu) or to assert his\/her rights regarding the processing of personal data before the Court of Justice with jurisdiction and competence pursuant to Act III of 1952 on the Code of Civil Procedure.<\/p>\t\t\t\t\t\t\t\t<\/div>\n\t\t\t\t<\/div>\n\t\t\t\t\t<\/div>\n\t\t<\/div>\n\t\t\t\t\t<\/div>\n\t\t<\/section>\n\t\t\t\t<\/div>","protected":false},"excerpt":{"rendered":"<p>Szoci\u00e1lis \u00e9tkeztet\u00e9s \u2013 N\u00e9pkonyha szolg\u00e1ltat\u00e1s ig\u00e9nybev\u00e9tel\u00e9hez Jelen adatkezel\u00e9si t\u00e1j\u00e9koztat\u00f3 \u00e9s nyilatkozat c\u00e9lja a szolg\u00e1ltat\u00e1st ny\u00fajt\u00f3 tev\u00e9kenys\u00e9g\u00e9nek a hat\u00e1lyos jogi szab\u00e1lyoz\u00e1snak, k\u00fcl\u00f6n\u00f6s tekintettel a 2011. \u00e9vi CXII. t\u00f6rv\u00e9ny, valamint a 2016\/679 EU rendelet szab\u00e1lyaiban foglalt k\u00f6telezetts\u00e9geknek val\u00f3 megfelel\u00e9s, a szolg\u00e1ltat\u00e1st ig\u00e9nybe vev\u0151 \u00e9rintettek adatainak jogszer\u0171 kezel\u00e9se mellett az \u00e9rintettek l\u00e9tfontoss\u00e1g\u00fa \u00e9rdekeinek v\u00e9delme, \u00edgy k\u00fcl\u00f6n\u00f6sen a szolg\u00e1ltat\u00e1s [&hellip;]<\/p>\n","protected":false},"author":2,"featured_media":0,"parent":0,"menu_order":0,"comment_status":"closed","ping_status":"closed","template":"elementor_header_footer","meta":{"give_campaign_id":0,"footnotes":""},"class_list":["post-7413","page","type-page","status-publish","hentry"],"yoast_head":"<!-- This site is optimized with the Yoast SEO Premium plugin v27.3 (Yoast SEO v27.3) - https:\/\/yoast.com\/product\/yoast-seo-premium-wordpress\/ -->\n<title>Adatkezel\u00e9si t\u00e1j\u00e9koztat\u00f3 kilienseink r\u00e9sz\u00e9re - Har\u00e9 Krisna \u00c9telt az \u00c9let\u00e9rt Misszi\u00f3<\/title>\n<meta name=\"robots\" content=\"index, follow, max-snippet:-1, max-image-preview:large, max-video-preview:-1\" \/>\n<link rel=\"canonical\" href=\"https:\/\/karitativ.hu\/en\/data-management-information-for-our-customers\/\" \/>\n<meta property=\"og:locale\" content=\"en_US\" \/>\n<meta property=\"og:type\" content=\"article\" \/>\n<meta property=\"og:title\" content=\"Adatkezel\u00e9si t\u00e1j\u00e9koztat\u00f3 kilienseink r\u00e9sz\u00e9re\" \/>\n<meta property=\"og:description\" content=\"Szoci\u00e1lis \u00e9tkeztet\u00e9s \u2013 N\u00e9pkonyha szolg\u00e1ltat\u00e1s ig\u00e9nybev\u00e9tel\u00e9hez Jelen adatkezel\u00e9si t\u00e1j\u00e9koztat\u00f3 \u00e9s nyilatkozat c\u00e9lja a szolg\u00e1ltat\u00e1st ny\u00fajt\u00f3 tev\u00e9kenys\u00e9g\u00e9nek a hat\u00e1lyos jogi szab\u00e1lyoz\u00e1snak, k\u00fcl\u00f6n\u00f6s tekintettel a 2011. \u00e9vi CXII. t\u00f6rv\u00e9ny, valamint a 2016\/679 EU rendelet szab\u00e1lyaiban foglalt k\u00f6telezetts\u00e9geknek val\u00f3 megfelel\u00e9s, a szolg\u00e1ltat\u00e1st ig\u00e9nybe vev\u0151 \u00e9rintettek adatainak jogszer\u0171 kezel\u00e9se mellett az \u00e9rintettek l\u00e9tfontoss\u00e1g\u00fa \u00e9rdekeinek v\u00e9delme, \u00edgy k\u00fcl\u00f6n\u00f6sen a szolg\u00e1ltat\u00e1s [&hellip;]\" \/>\n<meta property=\"og:url\" content=\"https:\/\/karitativ.hu\/en\/data-management-information-for-our-customers\/\" \/>\n<meta property=\"og:site_name\" content=\"Har\u00e9 Krisna \u00c9telt az \u00c9let\u00e9rt Misszi\u00f3\" \/>\n<meta property=\"article:publisher\" content=\"https:\/\/facebook.com\/etelosztas\" \/>\n<meta property=\"article:modified_time\" content=\"2025-03-18T11:07:01+00:00\" \/>\n<meta name=\"twitter:card\" content=\"summary_large_image\" \/>\n<meta name=\"twitter:label1\" content=\"Est. reading time\" \/>\n\t<meta name=\"twitter:data1\" content=\"4 minutes\" \/>\n<script type=\"application\/ld+json\" class=\"yoast-schema-graph\">{\"@context\":\"https:\\\/\\\/schema.org\",\"@graph\":[{\"@type\":\"WebPage\",\"@id\":\"https:\\\/\\\/karitativ.hu\\\/adatkezelesi-tajekoztato-kilienseink-reszere\\\/\",\"url\":\"https:\\\/\\\/karitativ.hu\\\/adatkezelesi-tajekoztato-kilienseink-reszere\\\/\",\"name\":\"Adatkezel\u00e9si t\u00e1j\u00e9koztat\u00f3 kilienseink r\u00e9sz\u00e9re - Har\u00e9 Krisna \u00c9telt az \u00c9let\u00e9rt Misszi\u00f3\",\"isPartOf\":{\"@id\":\"https:\\\/\\\/karitativ.hu\\\/#website\"},\"datePublished\":\"2024-07-26T13:48:37+00:00\",\"dateModified\":\"2025-03-18T11:07:01+00:00\",\"breadcrumb\":{\"@id\":\"https:\\\/\\\/karitativ.hu\\\/adatkezelesi-tajekoztato-kilienseink-reszere\\\/#breadcrumb\"},\"inLanguage\":\"en-US\",\"potentialAction\":[{\"@type\":\"ReadAction\",\"target\":[\"https:\\\/\\\/karitativ.hu\\\/adatkezelesi-tajekoztato-kilienseink-reszere\\\/\"]}]},{\"@type\":\"BreadcrumbList\",\"@id\":\"https:\\\/\\\/karitativ.hu\\\/adatkezelesi-tajekoztato-kilienseink-reszere\\\/#breadcrumb\",\"itemListElement\":[{\"@type\":\"ListItem\",\"position\":1,\"name\":\"Kezd\u0151lap\",\"item\":\"https:\\\/\\\/karitativ.hu\\\/\"},{\"@type\":\"ListItem\",\"position\":2,\"name\":\"Adatkezel\u00e9si t\u00e1j\u00e9koztat\u00f3 kilienseink r\u00e9sz\u00e9re\"}]},{\"@type\":\"WebSite\",\"@id\":\"https:\\\/\\\/karitativ.hu\\\/#website\",\"url\":\"https:\\\/\\\/karitativ.hu\\\/\",\"name\":\"\u00c9telt az \u00c9let\u00e9rt \u2013 Testi-lelki eg\u00e9szs\u00e9g - Budapest\",\"description\":\"\u2013 Testi-lelki eg\u00e9szs\u00e9g\",\"publisher\":{\"@id\":\"https:\\\/\\\/karitativ.hu\\\/#organization\"},\"potentialAction\":[{\"@type\":\"SearchAction\",\"target\":{\"@type\":\"EntryPoint\",\"urlTemplate\":\"https:\\\/\\\/karitativ.hu\\\/?s={search_term_string}\"},\"query-input\":{\"@type\":\"PropertyValueSpecification\",\"valueRequired\":true,\"valueName\":\"search_term_string\"}}],\"inLanguage\":\"en-US\"},{\"@type\":\"Organization\",\"@id\":\"https:\\\/\\\/karitativ.hu\\\/#organization\",\"name\":\"\u00c9telt az \u00c9let\u00e9rt \u2013 Testi-lelki eg\u00e9szs\u00e9g - Budapest\",\"url\":\"https:\\\/\\\/karitativ.hu\\\/\",\"logo\":{\"@type\":\"ImageObject\",\"inLanguage\":\"en-US\",\"@id\":\"https:\\\/\\\/karitativ.hu\\\/#\\\/schema\\\/logo\\\/image\\\/\",\"url\":\"https:\\\/\\\/karitativ.hu\\\/wp-content\\\/uploads\\\/2024\\\/04\\\/FFL-logo-final-2023.png\",\"contentUrl\":\"https:\\\/\\\/karitativ.hu\\\/wp-content\\\/uploads\\\/2024\\\/04\\\/FFL-logo-final-2023.png\",\"width\":1439,\"height\":1742,\"caption\":\"\u00c9telt az \u00c9let\u00e9rt \u2013 Testi-lelki eg\u00e9szs\u00e9g - Budapest\"},\"image\":{\"@id\":\"https:\\\/\\\/karitativ.hu\\\/#\\\/schema\\\/logo\\\/image\\\/\"},\"sameAs\":[\"https:\\\/\\\/facebook.com\\\/etelosztas\"]}]}<\/script>\n<!-- \/ Yoast SEO Premium plugin. -->","yoast_head_json":{"title":"Privacy Notice for our volunteers - Har\u00e9 Krishna Missionary for Food for Life","robots":{"index":"index","follow":"follow","max-snippet":"max-snippet:-1","max-image-preview":"max-image-preview:large","max-video-preview":"max-video-preview:-1"},"canonical":"https:\/\/karitativ.hu\/en\/data-management-information-for-our-customers\/","og_locale":"en_US","og_type":"article","og_title":"Adatkezel\u00e9si t\u00e1j\u00e9koztat\u00f3 kilienseink r\u00e9sz\u00e9re","og_description":"Szoci\u00e1lis \u00e9tkeztet\u00e9s \u2013 N\u00e9pkonyha szolg\u00e1ltat\u00e1s ig\u00e9nybev\u00e9tel\u00e9hez Jelen adatkezel\u00e9si t\u00e1j\u00e9koztat\u00f3 \u00e9s nyilatkozat c\u00e9lja a szolg\u00e1ltat\u00e1st ny\u00fajt\u00f3 tev\u00e9kenys\u00e9g\u00e9nek a hat\u00e1lyos jogi szab\u00e1lyoz\u00e1snak, k\u00fcl\u00f6n\u00f6s tekintettel a 2011. \u00e9vi CXII. t\u00f6rv\u00e9ny, valamint a 2016\/679 EU rendelet szab\u00e1lyaiban foglalt k\u00f6telezetts\u00e9geknek val\u00f3 megfelel\u00e9s, a szolg\u00e1ltat\u00e1st ig\u00e9nybe vev\u0151 \u00e9rintettek adatainak jogszer\u0171 kezel\u00e9se mellett az \u00e9rintettek l\u00e9tfontoss\u00e1g\u00fa \u00e9rdekeinek v\u00e9delme, \u00edgy k\u00fcl\u00f6n\u00f6sen a szolg\u00e1ltat\u00e1s [&hellip;]","og_url":"https:\/\/karitativ.hu\/en\/data-management-information-for-our-customers\/","og_site_name":"Har\u00e9 Krisna \u00c9telt az \u00c9let\u00e9rt Misszi\u00f3","article_publisher":"https:\/\/facebook.com\/etelosztas","article_modified_time":"2025-03-18T11:07:01+00:00","twitter_card":"summary_large_image","twitter_misc":{"Est. reading time":"4 minutes"},"schema":{"@context":"https:\/\/schema.org","@graph":[{"@type":"WebPage","@id":"https:\/\/karitativ.hu\/adatkezelesi-tajekoztato-kilienseink-reszere\/","url":"https:\/\/karitativ.hu\/adatkezelesi-tajekoztato-kilienseink-reszere\/","name":"Privacy Notice for our volunteers - Har\u00e9 Krishna Missionary for Food for Life","isPartOf":{"@id":"https:\/\/karitativ.hu\/#website"},"datePublished":"2024-07-26T13:48:37+00:00","dateModified":"2025-03-18T11:07:01+00:00","breadcrumb":{"@id":"https:\/\/karitativ.hu\/adatkezelesi-tajekoztato-kilienseink-reszere\/#breadcrumb"},"inLanguage":"en-US","potentialAction":[{"@type":"ReadAction","target":["https:\/\/karitativ.hu\/adatkezelesi-tajekoztato-kilienseink-reszere\/"]}]},{"@type":"BreadcrumbList","@id":"https:\/\/karitativ.hu\/adatkezelesi-tajekoztato-kilienseink-reszere\/#breadcrumb","itemListElement":[{"@type":"ListItem","position":1,"name":"Kezd\u0151lap","item":"https:\/\/karitativ.hu\/"},{"@type":"ListItem","position":2,"name":"Adatkezel\u00e9si t\u00e1j\u00e9koztat\u00f3 kilienseink r\u00e9sz\u00e9re"}]},{"@type":"WebSite","@id":"https:\/\/karitativ.hu\/#website","url":"https:\/\/karitativ.hu\/","name":"Food for Life - Physical and mental health - Budapest","description":"- Physical and mental health","publisher":{"@id":"https:\/\/karitativ.hu\/#organization"},"potentialAction":[{"@type":"SearchAction","target":{"@type":"EntryPoint","urlTemplate":"https:\/\/karitativ.hu\/?s={search_term_string}"},"query-input":{"@type":"PropertyValueSpecification","valueRequired":true,"valueName":"search_term_string"}}],"inLanguage":"en-US"},{"@type":"Organization","@id":"https:\/\/karitativ.hu\/#organization","name":"Food for Life - Physical and mental health - Budapest","url":"https:\/\/karitativ.hu\/","logo":{"@type":"ImageObject","inLanguage":"en-US","@id":"https:\/\/karitativ.hu\/#\/schema\/logo\/image\/","url":"https:\/\/karitativ.hu\/wp-content\/uploads\/2024\/04\/FFL-logo-final-2023.png","contentUrl":"https:\/\/karitativ.hu\/wp-content\/uploads\/2024\/04\/FFL-logo-final-2023.png","width":1439,"height":1742,"caption":"\u00c9telt az \u00c9let\u00e9rt \u2013 Testi-lelki eg\u00e9szs\u00e9g - Budapest"},"image":{"@id":"https:\/\/karitativ.hu\/#\/schema\/logo\/image\/"},"sameAs":["https:\/\/facebook.com\/etelosztas"]}]}},"campaignId":"","_links":{"self":[{"href":"https:\/\/karitativ.hu\/en\/wp-json\/wp\/v2\/pages\/7413","targetHints":{"allow":["GET"]}}],"collection":[{"href":"https:\/\/karitativ.hu\/en\/wp-json\/wp\/v2\/pages"}],"about":[{"href":"https:\/\/karitativ.hu\/en\/wp-json\/wp\/v2\/types\/page"}],"author":[{"embeddable":true,"href":"https:\/\/karitativ.hu\/en\/wp-json\/wp\/v2\/users\/2"}],"replies":[{"embeddable":true,"href":"https:\/\/karitativ.hu\/en\/wp-json\/wp\/v2\/comments?post=7413"}],"version-history":[{"count":0,"href":"https:\/\/karitativ.hu\/en\/wp-json\/wp\/v2\/pages\/7413\/revisions"}],"wp:attachment":[{"href":"https:\/\/karitativ.hu\/en\/wp-json\/wp\/v2\/media?parent=7413"}],"curies":[{"name":"wp","href":"https:\/\/api.w.org\/{rel}","templated":true}]}}