{"id":81,"date":"2024-04-12T07:25:26","date_gmt":"2024-04-12T05:25:26","guid":{"rendered":"https:\/\/dev.karitativ.hu\/?page_id=81"},"modified":"2026-02-16T19:58:16","modified_gmt":"2026-02-16T18:58:16","slug":"tamogatoink","status":"publish","type":"page","link":"https:\/\/karitativ.hu\/en\/tamogatoink\/","title":{"rendered":"Our supporters"},"content":{"rendered":"<div data-elementor-type=\"wp-page\" data-elementor-id=\"81\" class=\"elementor elementor-81\" data-elementor-post-type=\"page\">\n\t\t\t\t<div class=\"elementor-element elementor-element-e70217f e-flex e-con-boxed e-con e-parent\" data-id=\"e70217f\" data-element_type=\"container\" data-e-type=\"container\" data-settings=\"{&quot;background_background&quot;:&quot;classic&quot;}\">\n\t\t\t\t\t<div class=\"e-con-inner\">\n\t\t\t\t<div class=\"elementor-element elementor-element-2a88ae1 elementor-widget elementor-widget-heading\" data-id=\"2a88ae1\" data-element_type=\"widget\" data-e-type=\"widget\" data-widget_type=\"heading.default\">\n\t\t\t\t<div class=\"elementor-widget-container\">\n\t\t\t\t\t<h2 class=\"elementor-heading-title elementor-size-default\">Our supporters<\/h2>\t\t\t\t<\/div>\n\t\t\t\t<\/div>\n\t\t\t\t<div class=\"elementor-element elementor-element-f67f303 elementor-widget elementor-widget-heading\" data-id=\"f67f303\" data-element_type=\"widget\" data-e-type=\"widget\" data-widget_type=\"heading.default\">\n\t\t\t\t<div class=\"elementor-widget-container\">\n\t\t\t\t\t<h6 class=\"elementor-heading-title elementor-size-default\">Without whom it would be much harder<\/h6>\t\t\t\t<\/div>\n\t\t\t\t<\/div>\n\t\t\t\t<div class=\"elementor-element elementor-element-e74a0e7 elementor-widget-divider--view-line elementor-widget elementor-widget-divider\" data-id=\"e74a0e7\" data-element_type=\"widget\" data-e-type=\"widget\" data-widget_type=\"divider.default\">\n\t\t\t\t<div class=\"elementor-widget-container\">\n\t\t\t\t\t\t\t<div class=\"elementor-divider\">\n\t\t\t<span class=\"elementor-divider-separator\">\n\t\t\t\t\t\t<\/span>\n\t\t<\/div>\n\t\t\t\t\t\t<\/div>\n\t\t\t\t<\/div>\n\t\t\t\t<div class=\"elementor-element elementor-element-debbb99 elementor-widget elementor-widget-text-editor\" data-id=\"debbb99\" data-element_type=\"widget\" data-e-type=\"widget\" data-widget_type=\"text-editor.default\">\n\t\t\t\t<div class=\"elementor-widget-container\">\n\t\t\t\t\t\t\t\t\t<p>Many thanks to our supporters for sticking with us year after year.<\/p>\t\t\t\t\t\t\t\t<\/div>\n\t\t\t\t<\/div>\n\t\t\t\t\t<\/div>\n\t\t\t\t<\/div>\n\t\t<div class=\"elementor-element elementor-element-425bc73 e-flex e-con-boxed e-con e-parent\" data-id=\"425bc73\" data-element_type=\"container\" data-e-type=\"container\" data-settings=\"{&quot;background_background&quot;:&quot;classic&quot;}\">\n\t\t\t\t\t<div class=\"e-con-inner\">\n\t\t\t\t<div class=\"elementor-element elementor-element-651adcf elementor-pagination-position-outside elementor-widget elementor-widget-image-carousel\" data-id=\"651adcf\" data-element_type=\"widget\" data-e-type=\"widget\" data-settings=\"{&quot;slides_to_show&quot;:&quot;5&quot;,&quot;slides_to_scroll&quot;:&quot;1&quot;,&quot;navigation&quot;:&quot;dots&quot;,&quot;slides_to_show_tablet&quot;:&quot;4&quot;,&quot;slides_to_show_mobile&quot;:&quot;3&quot;,&quot;lazyload&quot;:&quot;yes&quot;,&quot;autoplay_speed&quot;:4000,&quot;image_spacing_custom&quot;:{&quot;unit&quot;:&quot;px&quot;,&quot;size&quot;:14,&quot;sizes&quot;:[]},&quot;autoplay&quot;:&quot;yes&quot;,&quot;pause_on_hover&quot;:&quot;yes&quot;,&quot;pause_on_interaction&quot;:&quot;yes&quot;,&quot;infinite&quot;:&quot;yes&quot;,&quot;speed&quot;:500,&quot;image_spacing_custom_tablet&quot;:{&quot;unit&quot;:&quot;px&quot;,&quot;size&quot;:&quot;&quot;,&quot;sizes&quot;:[]},&quot;image_spacing_custom_mobile&quot;:{&quot;unit&quot;:&quot;px&quot;,&quot;size&quot;:&quot;&quot;,&quot;sizes&quot;:[]}}\" data-widget_type=\"image-carousel.default\">\n\t\t\t\t<div class=\"elementor-widget-container\">\n\t\t\t\t\t\t\t<div class=\"elementor-image-carousel-wrapper swiper\" role=\"region\" aria-roledescription=\"carousel\" aria-label=\"Image Carousel\" dir=\"ltr\">\n\t\t\t<div class=\"elementor-image-carousel swiper-wrapper\" aria-live=\"off\">\n\t\t\t\t\t\t\t\t<div class=\"swiper-slide\" role=\"group\" aria-roledescription=\"slide\" aria-label=\"1 \/ 6\"><figure class=\"swiper-slide-inner\"><img class=\"swiper-slide-image swiper-lazy\" data-src=\"https:\/\/karitativ.hu\/wp-content\/uploads\/2024\/08\/Kepernyofoto-2024-08-02-18.19.12.png\" alt=\"Screenshot 2024-08-02 - 18.19.12\" \/><div class=\"swiper-lazy-preloader\"><\/div><\/figure><\/div><div class=\"swiper-slide\" role=\"group\" aria-roledescription=\"slide\" aria-label=\"2 \/ 6\"><figure class=\"swiper-slide-inner\"><img class=\"swiper-slide-image swiper-lazy\" data-src=\"https:\/\/karitativ.hu\/wp-content\/uploads\/2024\/08\/Kepernyofoto-2024-08-02-18.23.55.png\" alt=\"Screenshot 2024-08-02 - 18.23.55\" \/><div class=\"swiper-lazy-preloader\"><\/div><\/figure><\/div><div class=\"swiper-slide\" role=\"group\" aria-roledescription=\"slide\" aria-label=\"3 \/ 6\"><figure class=\"swiper-slide-inner\"><img class=\"swiper-slide-image swiper-lazy\" data-src=\"https:\/\/karitativ.hu\/wp-content\/uploads\/2024\/08\/Kepernyofoto-2024-08-02-18.21.18.png\" alt=\"Screenshot 2024-08-02 - 18.21.18\" \/><div class=\"swiper-lazy-preloader\"><\/div><\/figure><\/div><div class=\"swiper-slide\" role=\"group\" aria-roledescription=\"slide\" aria-label=\"4 \/ 6\"><figure class=\"swiper-slide-inner\"><img class=\"swiper-slide-image swiper-lazy\" data-src=\"https:\/\/karitativ.hu\/wp-content\/uploads\/2024\/08\/Kepernyofoto-2024-08-02-18.22.29.png\" alt=\"Screenshot 2024-08-02 - 18.22.29\" \/><div class=\"swiper-lazy-preloader\"><\/div><\/figure><\/div><div class=\"swiper-slide\" role=\"group\" aria-roledescription=\"slide\" aria-label=\"5 \/ 6\"><figure class=\"swiper-slide-inner\"><img class=\"swiper-slide-image swiper-lazy\" data-src=\"https:\/\/karitativ.hu\/wp-content\/uploads\/2024\/08\/Kepernyofoto-2024-08-02-18.23.18-768x227.png\" alt=\"Screenshot 2024-08-02 - 18.23.18\" \/><div class=\"swiper-lazy-preloader\"><\/div><\/figure><\/div><div class=\"swiper-slide\" role=\"group\" aria-roledescription=\"slide\" aria-label=\"6 \/ 6\"><figure class=\"swiper-slide-inner\"><img class=\"swiper-slide-image swiper-lazy\" data-src=\"https:\/\/karitativ.hu\/wp-content\/uploads\/2024\/08\/bosch.jpg\" alt=\"bosch\" \/><div class=\"swiper-lazy-preloader\"><\/div><\/figure><\/div>\t\t\t<\/div>\n\t\t\t\t\t\t\t\n\t\t\t\t\t\t\t\t\t<div class=\"swiper-pagination\"><\/div>\n\t\t\t\t\t\t\t\t\t<\/div>\n\t\t\t\t\t\t<\/div>\n\t\t\t\t<\/div>\n\t\t\t\t\t<\/div>\n\t\t\t\t<\/div>\n\t\t\t\t<\/div>","protected":false},"excerpt":{"rendered":"<p>Our supporters Without whom it would be much harder Thank you to our supporters for sticking with us year after year.<\/p>","protected":false},"author":2,"featured_media":0,"parent":0,"menu_order":0,"comment_status":"closed","ping_status":"closed","template":"elementor_header_footer","meta":{"give_campaign_id":0,"footnotes":""},"class_list":["post-81","page","type-page","status-publish","hentry"],"yoast_head":"<!-- This site is optimized with the Yoast SEO Premium plugin v27.3 (Yoast SEO v27.3) - https:\/\/yoast.com\/product\/yoast-seo-premium-wordpress\/ -->\n<title>T\u00e1mogat\u00f3ink - Har\u00e9 Krisna \u00c9telt az \u00c9let\u00e9rt Misszi\u00f3<\/title>\n<meta name=\"robots\" content=\"index, follow, max-snippet:-1, max-image-preview:large, max-video-preview:-1\" \/>\n<link rel=\"canonical\" href=\"https:\/\/karitativ.hu\/en\/tamogatoink\/\" \/>\n<meta property=\"og:locale\" content=\"en_US\" \/>\n<meta property=\"og:type\" content=\"article\" \/>\n<meta property=\"og:title\" content=\"T\u00e1mogat\u00f3ink\" \/>\n<meta property=\"og:description\" content=\"T\u00e1mogat\u00f3ink Akik n\u00e9lk\u00fcl sokkal nehezebb lenne K\u00f6sz\u00f6nj\u00fck sz\u00e9pen t\u00e1mogat\u00f3inknak, hogy \u00e9vr\u0151l \u00e9vre kitartanak mellett\u00fcnk.\" \/>\n<meta property=\"og:url\" content=\"https:\/\/karitativ.hu\/en\/tamogatoink\/\" \/>\n<meta property=\"og:site_name\" content=\"Har\u00e9 Krisna \u00c9telt az \u00c9let\u00e9rt Misszi\u00f3\" \/>\n<meta property=\"article:publisher\" content=\"https:\/\/facebook.com\/etelosztas\" \/>\n<meta property=\"article:modified_time\" content=\"2026-02-16T18:58:16+00:00\" \/>\n<meta property=\"og:image\" content=\"https:\/\/karitativ.hu\/wp-content\/uploads\/2024\/08\/Kepernyofoto-2024-08-02-18.19.12.png\" \/>\n<meta name=\"twitter:card\" content=\"summary_large_image\" \/>\n<meta name=\"twitter:label1\" content=\"Est. reading time\" \/>\n\t<meta name=\"twitter:data1\" content=\"4 minutes\" \/>\n<script type=\"application\/ld+json\" class=\"yoast-schema-graph\">{\"@context\":\"https:\\\/\\\/schema.org\",\"@graph\":[{\"@type\":\"WebPage\",\"@id\":\"https:\\\/\\\/karitativ.hu\\\/tamogatoink\\\/\",\"url\":\"https:\\\/\\\/karitativ.hu\\\/tamogatoink\\\/\",\"name\":\"T\u00e1mogat\u00f3ink - Har\u00e9 Krisna \u00c9telt az \u00c9let\u00e9rt Misszi\u00f3\",\"isPartOf\":{\"@id\":\"https:\\\/\\\/karitativ.hu\\\/#website\"},\"primaryImageOfPage\":{\"@id\":\"https:\\\/\\\/karitativ.hu\\\/tamogatoink\\\/#primaryimage\"},\"image\":{\"@id\":\"https:\\\/\\\/karitativ.hu\\\/tamogatoink\\\/#primaryimage\"},\"thumbnailUrl\":\"https:\\\/\\\/karitativ.hu\\\/wp-content\\\/uploads\\\/2024\\\/08\\\/Kepernyofoto-2024-08-02-18.19.12.png\",\"datePublished\":\"2024-04-12T05:25:26+00:00\",\"dateModified\":\"2026-02-16T18:58:16+00:00\",\"breadcrumb\":{\"@id\":\"https:\\\/\\\/karitativ.hu\\\/tamogatoink\\\/#breadcrumb\"},\"inLanguage\":\"en-US\",\"potentialAction\":[{\"@type\":\"ReadAction\",\"target\":[\"https:\\\/\\\/karitativ.hu\\\/tamogatoink\\\/\"]}]},{\"@type\":\"ImageObject\",\"inLanguage\":\"en-US\",\"@id\":\"https:\\\/\\\/karitativ.hu\\\/tamogatoink\\\/#primaryimage\",\"url\":\"https:\\\/\\\/karitativ.hu\\\/wp-content\\\/uploads\\\/2024\\\/08\\\/Kepernyofoto-2024-08-02-18.19.12.png\",\"contentUrl\":\"https:\\\/\\\/karitativ.hu\\\/wp-content\\\/uploads\\\/2024\\\/08\\\/Kepernyofoto-2024-08-02-18.19.12.png\"},{\"@type\":\"BreadcrumbList\",\"@id\":\"https:\\\/\\\/karitativ.hu\\\/tamogatoink\\\/#breadcrumb\",\"itemListElement\":[{\"@type\":\"ListItem\",\"position\":1,\"name\":\"Kezd\u0151lap\",\"item\":\"https:\\\/\\\/karitativ.hu\\\/\"},{\"@type\":\"ListItem\",\"position\":2,\"name\":\"T\u00e1mogat\u00f3ink\"}]},{\"@type\":\"WebSite\",\"@id\":\"https:\\\/\\\/karitativ.hu\\\/#website\",\"url\":\"https:\\\/\\\/karitativ.hu\\\/\",\"name\":\"\u00c9telt az \u00c9let\u00e9rt \u2013 Testi-lelki eg\u00e9szs\u00e9g - Budapest\",\"description\":\"\u2013 Testi-lelki eg\u00e9szs\u00e9g\",\"publisher\":{\"@id\":\"https:\\\/\\\/karitativ.hu\\\/#organization\"},\"potentialAction\":[{\"@type\":\"SearchAction\",\"target\":{\"@type\":\"EntryPoint\",\"urlTemplate\":\"https:\\\/\\\/karitativ.hu\\\/?s={search_term_string}\"},\"query-input\":{\"@type\":\"PropertyValueSpecification\",\"valueRequired\":true,\"valueName\":\"search_term_string\"}}],\"inLanguage\":\"en-US\"},{\"@type\":\"Organization\",\"@id\":\"https:\\\/\\\/karitativ.hu\\\/#organization\",\"name\":\"\u00c9telt az \u00c9let\u00e9rt \u2013 Testi-lelki eg\u00e9szs\u00e9g - Budapest\",\"url\":\"https:\\\/\\\/karitativ.hu\\\/\",\"logo\":{\"@type\":\"ImageObject\",\"inLanguage\":\"en-US\",\"@id\":\"https:\\\/\\\/karitativ.hu\\\/#\\\/schema\\\/logo\\\/image\\\/\",\"url\":\"https:\\\/\\\/karitativ.hu\\\/wp-content\\\/uploads\\\/2024\\\/04\\\/FFL-logo-final-2023.png\",\"contentUrl\":\"https:\\\/\\\/karitativ.hu\\\/wp-content\\\/uploads\\\/2024\\\/04\\\/FFL-logo-final-2023.png\",\"width\":1439,\"height\":1742,\"caption\":\"\u00c9telt az \u00c9let\u00e9rt \u2013 Testi-lelki eg\u00e9szs\u00e9g - Budapest\"},\"image\":{\"@id\":\"https:\\\/\\\/karitativ.hu\\\/#\\\/schema\\\/logo\\\/image\\\/\"},\"sameAs\":[\"https:\\\/\\\/facebook.com\\\/etelosztas\"]}]}<\/script>\n<!-- \/ Yoast SEO Premium plugin. -->","yoast_head_json":{"title":"Our supporters - Har\u00e9 Krishna Food for Life Mission","robots":{"index":"index","follow":"follow","max-snippet":"max-snippet:-1","max-image-preview":"max-image-preview:large","max-video-preview":"max-video-preview:-1"},"canonical":"https:\/\/karitativ.hu\/en\/tamogatoink\/","og_locale":"en_US","og_type":"article","og_title":"T\u00e1mogat\u00f3ink","og_description":"T\u00e1mogat\u00f3ink Akik n\u00e9lk\u00fcl sokkal nehezebb lenne K\u00f6sz\u00f6nj\u00fck sz\u00e9pen t\u00e1mogat\u00f3inknak, hogy \u00e9vr\u0151l \u00e9vre kitartanak mellett\u00fcnk.","og_url":"https:\/\/karitativ.hu\/en\/tamogatoink\/","og_site_name":"Har\u00e9 Krisna \u00c9telt az \u00c9let\u00e9rt Misszi\u00f3","article_publisher":"https:\/\/facebook.com\/etelosztas","article_modified_time":"2026-02-16T18:58:16+00:00","og_image":[{"url":"https:\/\/karitativ.hu\/wp-content\/uploads\/2024\/08\/Kepernyofoto-2024-08-02-18.19.12.png","type":"","width":"","height":""}],"twitter_card":"summary_large_image","twitter_misc":{"Est. reading time":"4 minutes"},"schema":{"@context":"https:\/\/schema.org","@graph":[{"@type":"WebPage","@id":"https:\/\/karitativ.hu\/tamogatoink\/","url":"https:\/\/karitativ.hu\/tamogatoink\/","name":"Our supporters - Har\u00e9 Krishna Food for Life Mission","isPartOf":{"@id":"https:\/\/karitativ.hu\/#website"},"primaryImageOfPage":{"@id":"https:\/\/karitativ.hu\/tamogatoink\/#primaryimage"},"image":{"@id":"https:\/\/karitativ.hu\/tamogatoink\/#primaryimage"},"thumbnailUrl":"https:\/\/karitativ.hu\/wp-content\/uploads\/2024\/08\/Kepernyofoto-2024-08-02-18.19.12.png","datePublished":"2024-04-12T05:25:26+00:00","dateModified":"2026-02-16T18:58:16+00:00","breadcrumb":{"@id":"https:\/\/karitativ.hu\/tamogatoink\/#breadcrumb"},"inLanguage":"en-US","potentialAction":[{"@type":"ReadAction","target":["https:\/\/karitativ.hu\/tamogatoink\/"]}]},{"@type":"ImageObject","inLanguage":"en-US","@id":"https:\/\/karitativ.hu\/tamogatoink\/#primaryimage","url":"https:\/\/karitativ.hu\/wp-content\/uploads\/2024\/08\/Kepernyofoto-2024-08-02-18.19.12.png","contentUrl":"https:\/\/karitativ.hu\/wp-content\/uploads\/2024\/08\/Kepernyofoto-2024-08-02-18.19.12.png"},{"@type":"BreadcrumbList","@id":"https:\/\/karitativ.hu\/tamogatoink\/#breadcrumb","itemListElement":[{"@type":"ListItem","position":1,"name":"Kezd\u0151lap","item":"https:\/\/karitativ.hu\/"},{"@type":"ListItem","position":2,"name":"T\u00e1mogat\u00f3ink"}]},{"@type":"WebSite","@id":"https:\/\/karitativ.hu\/#website","url":"https:\/\/karitativ.hu\/","name":"Food for Life - Physical and mental health - Budapest","description":"- Physical and mental health","publisher":{"@id":"https:\/\/karitativ.hu\/#organization"},"potentialAction":[{"@type":"SearchAction","target":{"@type":"EntryPoint","urlTemplate":"https:\/\/karitativ.hu\/?s={search_term_string}"},"query-input":{"@type":"PropertyValueSpecification","valueRequired":true,"valueName":"search_term_string"}}],"inLanguage":"en-US"},{"@type":"Organization","@id":"https:\/\/karitativ.hu\/#organization","name":"Food for Life - Physical and mental health - Budapest","url":"https:\/\/karitativ.hu\/","logo":{"@type":"ImageObject","inLanguage":"en-US","@id":"https:\/\/karitativ.hu\/#\/schema\/logo\/image\/","url":"https:\/\/karitativ.hu\/wp-content\/uploads\/2024\/04\/FFL-logo-final-2023.png","contentUrl":"https:\/\/karitativ.hu\/wp-content\/uploads\/2024\/04\/FFL-logo-final-2023.png","width":1439,"height":1742,"caption":"\u00c9telt az \u00c9let\u00e9rt \u2013 Testi-lelki eg\u00e9szs\u00e9g - Budapest"},"image":{"@id":"https:\/\/karitativ.hu\/#\/schema\/logo\/image\/"},"sameAs":["https:\/\/facebook.com\/etelosztas"]}]}},"campaignId":"","_links":{"self":[{"href":"https:\/\/karitativ.hu\/en\/wp-json\/wp\/v2\/pages\/81","targetHints":{"allow":["GET"]}}],"collection":[{"href":"https:\/\/karitativ.hu\/en\/wp-json\/wp\/v2\/pages"}],"about":[{"href":"https:\/\/karitativ.hu\/en\/wp-json\/wp\/v2\/types\/page"}],"author":[{"embeddable":true,"href":"https:\/\/karitativ.hu\/en\/wp-json\/wp\/v2\/users\/2"}],"replies":[{"embeddable":true,"href":"https:\/\/karitativ.hu\/en\/wp-json\/wp\/v2\/comments?post=81"}],"version-history":[{"count":0,"href":"https:\/\/karitativ.hu\/en\/wp-json\/wp\/v2\/pages\/81\/revisions"}],"wp:attachment":[{"href":"https:\/\/karitativ.hu\/en\/wp-json\/wp\/v2\/media?parent=81"}],"curies":[{"name":"wp","href":"https:\/\/api.w.org\/{rel}","templated":true}]}}