{"id":8482,"date":"2024-10-03T11:41:48","date_gmt":"2024-10-03T09:41:48","guid":{"rendered":"https:\/\/karitativ.hu\/?page_id=8482"},"modified":"2024-12-14T13:50:59","modified_gmt":"2024-12-14T12:50:59","slug":"adomanyozas","status":"publish","type":"page","link":"https:\/\/karitativ.hu\/en\/adomanyozas\/","title":{"rendered":"Adom\u00e1nyozz Te is!"},"content":{"rendered":"<div data-elementor-type=\"wp-page\" data-elementor-id=\"8482\" class=\"elementor elementor-8482\" data-elementor-post-type=\"page\">\n\t\t\t\t\t\t<section class=\"elementor-section elementor-top-section elementor-element elementor-element-39dff243 elementor-section-content-middle elementor-section-boxed elementor-section-height-default elementor-section-height-default\" data-id=\"39dff243\" data-element_type=\"section\" data-e-type=\"section\" data-settings=\"{&quot;background_background&quot;:&quot;classic&quot;}\">\n\t\t\t\t\t\t<div class=\"elementor-container elementor-column-gap-no\">\n\t\t\t\t\t<div class=\"elementor-column elementor-col-100 elementor-top-column elementor-element elementor-element-1c250d73\" data-id=\"1c250d73\" data-element_type=\"column\" data-e-type=\"column\">\n\t\t\t<div class=\"elementor-widget-wrap elementor-element-populated\">\n\t\t\t\t\t\t<section class=\"elementor-section elementor-inner-section elementor-element elementor-element-49843343 elementor-section-boxed elementor-section-height-default elementor-section-height-default\" data-id=\"49843343\" data-element_type=\"section\" data-e-type=\"section\">\n\t\t\t\t\t\t<div class=\"elementor-container elementor-column-gap-no\">\n\t\t\t\t\t<div class=\"elementor-column elementor-col-50 elementor-inner-column elementor-element elementor-element-57c0ae5c\" data-id=\"57c0ae5c\" data-element_type=\"column\" data-e-type=\"column\">\n\t\t\t<div class=\"elementor-widget-wrap elementor-element-populated\">\n\t\t\t\t\t\t<div class=\"elementor-element elementor-element-70f937de elementor-widget elementor-widget-heading\" data-id=\"70f937de\" data-element_type=\"widget\" data-e-type=\"widget\" data-widget_type=\"heading.default\">\n\t\t\t\t<div class=\"elementor-widget-container\">\n\t\t\t\t\t<h6 class=\"elementor-heading-title elementor-size-default\">Our Team<\/h6>\t\t\t\t<\/div>\n\t\t\t\t<\/div>\n\t\t\t\t<div class=\"elementor-element elementor-element-126ae3b9 elementor-widget elementor-widget-heading\" data-id=\"126ae3b9\" data-element_type=\"widget\" data-e-type=\"widget\" data-widget_type=\"heading.default\">\n\t\t\t\t<div class=\"elementor-widget-container\">\n\t\t\t\t\t<h2 class=\"elementor-heading-title elementor-size-default\">Az \u00c9tel \u00c9let. \n<br>With your help, we give!<\/h2>\t\t\t\t<\/div>\n\t\t\t\t<\/div>\n\t\t\t\t<div class=\"elementor-element elementor-element-62dafdd1 elementor-widget-divider--view-line elementor-widget elementor-widget-divider\" data-id=\"62dafdd1\" data-element_type=\"widget\" data-e-type=\"widget\" data-widget_type=\"divider.default\">\n\t\t\t\t<div class=\"elementor-widget-container\">\n\t\t\t\t\t\t\t<div class=\"elementor-divider\">\n\t\t\t<span class=\"elementor-divider-separator\">\n\t\t\t\t\t\t<\/span>\n\t\t<\/div>\n\t\t\t\t\t\t<\/div>\n\t\t\t\t<\/div>\n\t\t\t\t<div class=\"elementor-element elementor-element-71d07b05 elementor-widget elementor-widget-text-editor\" data-id=\"71d07b05\" data-element_type=\"widget\" data-e-type=\"widget\" data-widget_type=\"text-editor.default\">\n\t\t\t\t<div class=\"elementor-widget-container\">\n\t\t\t\t\t\t\t\t\t<p>T\u00f6bb mint 30 \u00e9ve elk\u00f6telezettek vagyunk a h\u00e1tr\u00e1nyos helyzetben \u00e9l\u0151k &#8211; r\u00e1szorul\u00f3 csal\u00e1dok, neh\u00e9z sors\u00fa id\u0151sek, mag\u00e1nyosan, szeg\u00e9nyen \u00e9l\u0151k \u00e9tkeztet\u00e9s\u00e9ben, akiket meleg \u00e9tellel \u00e9s tart\u00f3s \u00e9lelmiszercsomagokkal seg\u00edt\u00fcnk.<\/p><p>Tavaly Kar\u00e1csonykor <b>6.000 adag \u00e9telt osztottunk ki<\/b> <strong>ORSZ\u00c1GSZERTE<\/strong> \u2013 mindezt az egy\u00e9ni adom\u00e1nyoz\u00f3k nagylelk\u0171 t\u00e1mogat\u00e1s\u00e1nak k\u00f6sz\u00f6nhet\u0151en.<\/p><p><strong>C\u00e9lunk, hogy az idei kar\u00e1csony alkalm\u00e1val 10.000 r\u00e1szorul\u00f3nak adhassunk meleg \u00e9telt \u00e9s \u00e9lelmiszer csomagot.<\/strong><\/p><p><strong style=\"color: var( --e-global-color-c90c6a5 ); font-family: var( --e-global-typography-3475a0d-font-family ), Sans-serif; font-size: var( --e-global-typography-3475a0d-font-size ); background-color: var( --e-global-color-secondary );\">Egyetlen kattint\u00e1s Neked, sz\u00e1mukra egy \u00fcnnepi csoda.\u00a0<\/strong><\/p>\t\t\t\t\t\t\t\t<\/div>\n\t\t\t\t<\/div>\n\t\t\t\t<div class=\"elementor-element elementor-element-425cf380 elementor-align-left elementor-widget__width-auto elementor-mobile-align-justify elementor-widget-mobile__width-inherit elementor-invisible elementor-widget elementor-widget-button\" data-id=\"425cf380\" data-element_type=\"widget\" data-e-type=\"widget\" data-settings=\"{&quot;_animation&quot;:&quot;zoomIn&quot;}\" data-widget_type=\"button.default\">\n\t\t\t\t<div class=\"elementor-widget-container\">\n\t\t\t\t\t\t\t\t\t<div class=\"elementor-button-wrapper\">\n\t\t\t\t\t<a class=\"elementor-button elementor-button-link elementor-size-sm\" href=\"#\">\n\t\t\t\t\t\t<span class=\"elementor-button-content-wrapper\">\n\t\t\t\t\t\t\t\t\t<span class=\"elementor-button-text\">Donate<\/span>\n\t\t\t\t\t<\/span>\n\t\t\t\t\t<\/a>\n\t\t\t\t<\/div>\n\t\t\t\t\t\t\t\t<\/div>\n\t\t\t\t<\/div>\n\t\t\t\t\t<\/div>\n\t\t<\/div>\n\t\t\t\t<div class=\"elementor-column elementor-col-50 elementor-inner-column elementor-element elementor-element-7813d11\" data-id=\"7813d11\" data-element_type=\"column\" data-e-type=\"column\">\n\t\t\t<div class=\"elementor-widget-wrap elementor-element-populated\">\n\t\t\t\t\t\t<div class=\"elementor-element elementor-element-689ba4f7 elementor-widget elementor-widget-image\" data-id=\"689ba4f7\" data-element_type=\"widget\" data-e-type=\"widget\" data-widget_type=\"image.default\">\n\t\t\t\t<div class=\"elementor-widget-container\">\n\t\t\t\t\t\t\t\t\t\t\t\t\t\t\t<img decoding=\"async\" src=\"https:\/\/karitativ.hu\/wp-content\/uploads\/elementor\/thumbs\/464312275_944781137683176_3412796383177974575_n-r8ea9ip3xw4h8pafkjzoa1vgakkhs585kgbsdcqoa8.jpg\" title=\"Egri \u00e9teloszt\u00e1s 2024.10.18.\" alt=\"Egri \u00e9teloszt\u00e1s 2024.10.18.\" loading=\"lazy\" \/>\t\t\t\t\t\t\t\t\t\t\t\t\t\t\t<\/div>\n\t\t\t\t<\/div>\n\t\t\t\t<div class=\"elementor-element elementor-element-2f29ea07 elementor-widget__width-auto elementor-absolute elementor-hidden-mobile elementor-invisible elementor-widget elementor-widget-image\" data-id=\"2f29ea07\" data-element_type=\"widget\" data-e-type=\"widget\" data-settings=\"{&quot;_position&quot;:&quot;absolute&quot;,&quot;_animation&quot;:&quot;zoomIn&quot;}\" data-widget_type=\"image.default\">\n\t\t\t\t<div class=\"elementor-widget-container\">\n\t\t\t\t\t\t\t\t\t\t\t\t\t\t\t<img fetchpriority=\"high\" decoding=\"async\" width=\"374\" height=\"374\" src=\"https:\/\/karitativ.hu\/wp-content\/uploads\/2024\/06\/Element.png\" class=\"attachment-medium_large size-medium_large wp-image-352\" alt=\"\" srcset=\"https:\/\/karitativ.hu\/wp-content\/uploads\/2024\/06\/Element.png 374w, https:\/\/karitativ.hu\/wp-content\/uploads\/2024\/06\/Element-300x300.png 300w, https:\/\/karitativ.hu\/wp-content\/uploads\/2024\/06\/Element-150x150.png 150w, https:\/\/karitativ.hu\/wp-content\/uploads\/2024\/06\/Element-100x100.png 100w\" sizes=\"(max-width: 374px) 100vw, 374px\" \/>\t\t\t\t\t\t\t\t\t\t\t\t\t\t\t<\/div>\n\t\t\t\t<\/div>\n\t\t\t\t\t<\/div>\n\t\t<\/div>\n\t\t\t\t\t<\/div>\n\t\t<\/section>\n\t\t\t\t\t<\/div>\n\t\t<\/div>\n\t\t\t\t\t<\/div>\n\t\t<\/section>\n\t\t<div class=\"elementor-element elementor-element-1a2fbfa e-flex e-con-boxed e-con e-parent\" data-id=\"1a2fbfa\" data-element_type=\"container\" data-e-type=\"container\">\n\t\t\t\t\t<div class=\"e-con-inner\">\n\t\t\t\t\t<\/div>\n\t\t\t\t<\/div>\n\t\t\t\t<section class=\"elementor-section elementor-top-section elementor-element elementor-element-e1695ea elementor-section-boxed elementor-section-height-default elementor-section-height-default\" data-id=\"e1695ea\" data-element_type=\"section\" data-e-type=\"section\" data-settings=\"{&quot;background_background&quot;:&quot;classic&quot;}\">\n\t\t\t\t\t\t<div class=\"elementor-container elementor-column-gap-no\">\n\t\t\t\t\t<div class=\"elementor-column elementor-col-100 elementor-top-column elementor-element elementor-element-c9a571c\" data-id=\"c9a571c\" data-element_type=\"column\" data-e-type=\"column\">\n\t\t\t<div class=\"elementor-widget-wrap elementor-element-populated\">\n\t\t\t\t\t\t<div class=\"elementor-element elementor-element-46fd6ed elementor-widget elementor-widget-heading\" data-id=\"46fd6ed\" data-element_type=\"widget\" data-e-type=\"widget\" data-widget_type=\"heading.default\">\n\t\t\t\t<div class=\"elementor-widget-container\">\n\t\t\t\t\t<h6 class=\"elementor-heading-title elementor-size-default\">Tegy\u00fck egy\u00fctt szebb\u00e9 az idei Kar\u00e1csonyt<\/h6>\t\t\t\t<\/div>\n\t\t\t\t<\/div>\n\t\t\t\t<div class=\"elementor-element elementor-element-d789deb elementor-widget elementor-widget-heading\" data-id=\"d789deb\" data-element_type=\"widget\" data-e-type=\"widget\" data-widget_type=\"heading.default\">\n\t\t\t\t<div class=\"elementor-widget-container\">\n\t\t\t\t\t<h2 class=\"elementor-heading-title elementor-size-default\">Donate<\/h2>\t\t\t\t<\/div>\n\t\t\t\t<\/div>\n\t\t\t\t<div class=\"elementor-element elementor-element-bb09e85 elementor-widget-divider--view-line elementor-widget elementor-widget-divider\" data-id=\"bb09e85\" data-element_type=\"widget\" data-e-type=\"widget\" data-widget_type=\"divider.default\">\n\t\t\t\t<div class=\"elementor-widget-container\">\n\t\t\t\t\t\t\t<div class=\"elementor-divider\">\n\t\t\t<span class=\"elementor-divider-separator\">\n\t\t\t\t\t\t<\/span>\n\t\t<\/div>\n\t\t\t\t\t\t<\/div>\n\t\t\t\t<\/div>\n\t\t\t\t\t<\/div>\n\t\t<\/div>\n\t\t\t\t\t<\/div>\n\t\t<\/section>\n\t\t<div class=\"elementor-element elementor-element-7a255f1 e-flex e-con-boxed e-con e-parent\" data-id=\"7a255f1\" data-element_type=\"container\" data-e-type=\"container\" id=\"tamogatas\" data-settings=\"{&quot;background_background&quot;:&quot;classic&quot;}\">\n\t\t\t\t\t<div class=\"e-con-inner\">\n\t\t\t\t<div class=\"elementor-element elementor-element-d72b15f elementor-widget elementor-widget-text-editor\" data-id=\"d72b15f\" data-element_type=\"widget\" data-e-type=\"widget\" data-widget_type=\"text-editor.default\">\n\t\t\t\t<div class=\"elementor-widget-container\">\n\t\t\t\t\t\t\t\t\t<div class=\"give-embed-form-wrapper\" id=\"give-69e601ebdb178\"><iframe\n\t\t\t\tname=\"give-embed-form\"\n\t\t\t\tsrc=\"https:\/\/karitativ.hu\/en\/give\/segitsteis-2024?giveDonationFormInIframe=1\"\n\t\t\t\t\n\t\t\t\tdata-autoscroll=\"0\"\n\t\t\t\tonload=\"if( 'undefined' !== typeof Give ) { Give.initializeIframeResize(this) }\"\n\t\t\t\tstyle=\"border: 0;visibility: hidden;min-height: 600px;\"><\/iframe><div class=\"iframe-loader\">\n<div style=\"        height: 100%;        width: 100%;        display: flex;        align-items: center;        justify-content: center;    \">\n    <div style=\"        pointer-events: none;        height: 90px;        width: 90px;        background-image: url(&quot;data:image\/svg+xml;charset=utf8,%3C?xml version='1.0' encoding='utf-8'?%3E%3C!-- Generator: Adobe Illustrator 24.1.0, SVG Export Plug-In . SVG Version: 6.00 Build 0) --%3E%3Csvg version='1.1' id='Layer_1' xmlns='http:\/\/www.w3.org\/2000\/svg' xmlns:xlink='http:\/\/www.w3.org\/1999\/xlink' x='0px' y='0px' viewBox='0 0 349 348' style='enable-background:new 0 0 349 348;' xml:space='preserve'%3E%3Cstyle type='text\/css'%3E .st0{fill:%231E8CBE;} %3C\/style%3E%3Cpath class='st0' d='M25.1,204.57c-13.38,0-24.47-10.6-24.97-24.08C0.04,178.09,0,175.97,0,174C0,77.78,78.28-0.5,174.5-0.5 c13.81,0,25,11.19,25,25s-11.19,25-25,25C105.85,49.5,50,105.35,50,174c0,1.37,0.03,2.85,0.1,4.65c0.51,13.8-10.27,25.39-24.07,25.9 C25.72,204.56,25.41,204.57,25.1,204.57z'\/%3E%3Cpath class='st0' d='M174.5,348.5c-13.81,0-25-11.19-25-25c0-13.81,11.19-25,25-25c68.65,0,124.5-55.85,124.5-124.5 c0-1.38-0.03-2.85-0.1-4.65c-0.51-13.8,10.26-25.4,24.06-25.91c13.83-0.53,25.4,10.26,25.91,24.06c0.09,2.39,0.13,4.51,0.13,6.49 C349,270.22,270.72,348.5,174.5,348.5z'\/%3E%3C\/svg%3E&quot;);        animation: spin 0.6s linear infinite;        \"><\/div>\n<\/div>\n<\/div><\/div>\t\t\t\t\t\t\t\t<\/div>\n\t\t\t\t<\/div>\n\t\t\t\t\t<\/div>\n\t\t\t\t<\/div>\n\t\t\t\t<\/div>","protected":false},"excerpt":{"rendered":"<p>Our Team Az \u00c9tel \u00c9let. A Te seg\u00edts\u00e9geddel adjuk! T\u00f6bb mint 30 \u00e9ve elk\u00f6telezettek vagyunk a h\u00e1tr\u00e1nyos helyzetben \u00e9l\u0151k &#8211; r\u00e1szorul\u00f3 csal\u00e1dok, neh\u00e9z sors\u00fa id\u0151sek, mag\u00e1nyosan, szeg\u00e9nyen \u00e9l\u0151k \u00e9tkeztet\u00e9s\u00e9ben, akiket meleg \u00e9tellel \u00e9s tart\u00f3s \u00e9lelmiszercsomagokkal seg\u00edt\u00fcnk. Tavaly Kar\u00e1csonykor 6.000 adag \u00e9telt osztottunk ki ORSZ\u00c1GSZERTE \u2013 mindezt az egy\u00e9ni adom\u00e1nyoz\u00f3k nagylelk\u0171 t\u00e1mogat\u00e1s\u00e1nak k\u00f6sz\u00f6nhet\u0151en. C\u00e9lunk, hogy az [&hellip;]<\/p>\n","protected":false},"author":2,"featured_media":0,"parent":0,"menu_order":0,"comment_status":"closed","ping_status":"closed","template":"elementor_header_footer","meta":{"give_campaign_id":0,"footnotes":""},"class_list":["post-8482","page","type-page","status-publish","hentry"],"yoast_head":"<!-- This site is optimized with the Yoast SEO Premium plugin v27.3 (Yoast SEO v27.3) - https:\/\/yoast.com\/product\/yoast-seo-premium-wordpress\/ -->\n<title>Adom\u00e1nyozz Te is! - Har\u00e9 Krisna \u00c9telt az \u00c9let\u00e9rt Misszi\u00f3<\/title>\n<meta name=\"robots\" content=\"index, follow, max-snippet:-1, max-image-preview:large, max-video-preview:-1\" \/>\n<link rel=\"canonical\" href=\"https:\/\/karitativ.hu\/en\/adomanyozas\/\" \/>\n<meta property=\"og:locale\" content=\"en_US\" \/>\n<meta property=\"og:type\" content=\"article\" \/>\n<meta property=\"og:title\" content=\"Adom\u00e1nyozz Te is!\" \/>\n<meta property=\"og:description\" content=\"Our Team Az \u00c9tel \u00c9let. A Te seg\u00edts\u00e9geddel adjuk! T\u00f6bb mint 30 \u00e9ve elk\u00f6telezettek vagyunk a h\u00e1tr\u00e1nyos helyzetben \u00e9l\u0151k &#8211; r\u00e1szorul\u00f3 csal\u00e1dok, neh\u00e9z sors\u00fa id\u0151sek, mag\u00e1nyosan, szeg\u00e9nyen \u00e9l\u0151k \u00e9tkeztet\u00e9s\u00e9ben, akiket meleg \u00e9tellel \u00e9s tart\u00f3s \u00e9lelmiszercsomagokkal seg\u00edt\u00fcnk. Tavaly Kar\u00e1csonykor 6.000 adag \u00e9telt osztottunk ki ORSZ\u00c1GSZERTE \u2013 mindezt az egy\u00e9ni adom\u00e1nyoz\u00f3k nagylelk\u0171 t\u00e1mogat\u00e1s\u00e1nak k\u00f6sz\u00f6nhet\u0151en. C\u00e9lunk, hogy az [&hellip;]\" \/>\n<meta property=\"og:url\" content=\"https:\/\/karitativ.hu\/en\/adomanyozas\/\" \/>\n<meta property=\"og:site_name\" content=\"Har\u00e9 Krisna \u00c9telt az \u00c9let\u00e9rt Misszi\u00f3\" \/>\n<meta property=\"article:publisher\" content=\"https:\/\/facebook.com\/etelosztas\" \/>\n<meta property=\"article:modified_time\" content=\"2024-12-14T12:50:59+00:00\" \/>\n<meta property=\"og:image\" content=\"https:\/\/karitativ.hu\/wp-content\/uploads\/elementor\/thumbs\/464312275_944781137683176_3412796383177974575_n-qw11v5c1kdzyawh7xyl6c4y81ge2fzes0vsiz7k8z4.jpg\" \/>\n<meta name=\"twitter:card\" content=\"summary_large_image\" \/>\n<meta name=\"twitter:label1\" content=\"Est. reading time\" \/>\n\t<meta name=\"twitter:data1\" content=\"5 minutes\" \/>\n<script type=\"application\/ld+json\" class=\"yoast-schema-graph\">{\"@context\":\"https:\\\/\\\/schema.org\",\"@graph\":[{\"@type\":\"WebPage\",\"@id\":\"https:\\\/\\\/karitativ.hu\\\/adomanyozas\\\/\",\"url\":\"https:\\\/\\\/karitativ.hu\\\/adomanyozas\\\/\",\"name\":\"Adom\u00e1nyozz Te is! - Har\u00e9 Krisna \u00c9telt az \u00c9let\u00e9rt Misszi\u00f3\",\"isPartOf\":{\"@id\":\"https:\\\/\\\/karitativ.hu\\\/#website\"},\"primaryImageOfPage\":{\"@id\":\"https:\\\/\\\/karitativ.hu\\\/adomanyozas\\\/#primaryimage\"},\"image\":{\"@id\":\"https:\\\/\\\/karitativ.hu\\\/adomanyozas\\\/#primaryimage\"},\"thumbnailUrl\":\"https:\\\/\\\/karitativ.hu\\\/wp-content\\\/uploads\\\/elementor\\\/thumbs\\\/464312275_944781137683176_3412796383177974575_n-qw11v5c1kdzyawh7xyl6c4y81ge2fzes0vsiz7k8z4.jpg\",\"datePublished\":\"2024-10-03T09:41:48+00:00\",\"dateModified\":\"2024-12-14T12:50:59+00:00\",\"breadcrumb\":{\"@id\":\"https:\\\/\\\/karitativ.hu\\\/adomanyozas\\\/#breadcrumb\"},\"inLanguage\":\"en-US\",\"potentialAction\":[{\"@type\":\"ReadAction\",\"target\":[\"https:\\\/\\\/karitativ.hu\\\/adomanyozas\\\/\"]}]},{\"@type\":\"ImageObject\",\"inLanguage\":\"en-US\",\"@id\":\"https:\\\/\\\/karitativ.hu\\\/adomanyozas\\\/#primaryimage\",\"url\":\"https:\\\/\\\/karitativ.hu\\\/wp-content\\\/uploads\\\/elementor\\\/thumbs\\\/464312275_944781137683176_3412796383177974575_n-qw11v5c1kdzyawh7xyl6c4y81ge2fzes0vsiz7k8z4.jpg\",\"contentUrl\":\"https:\\\/\\\/karitativ.hu\\\/wp-content\\\/uploads\\\/elementor\\\/thumbs\\\/464312275_944781137683176_3412796383177974575_n-qw11v5c1kdzyawh7xyl6c4y81ge2fzes0vsiz7k8z4.jpg\"},{\"@type\":\"BreadcrumbList\",\"@id\":\"https:\\\/\\\/karitativ.hu\\\/adomanyozas\\\/#breadcrumb\",\"itemListElement\":[{\"@type\":\"ListItem\",\"position\":1,\"name\":\"Kezd\u0151lap\",\"item\":\"https:\\\/\\\/karitativ.hu\\\/\"},{\"@type\":\"ListItem\",\"position\":2,\"name\":\"Adom\u00e1nyozz Te is!\"}]},{\"@type\":\"WebSite\",\"@id\":\"https:\\\/\\\/karitativ.hu\\\/#website\",\"url\":\"https:\\\/\\\/karitativ.hu\\\/\",\"name\":\"\u00c9telt az \u00c9let\u00e9rt \u2013 Testi-lelki eg\u00e9szs\u00e9g - Budapest\",\"description\":\"\u2013 Testi-lelki eg\u00e9szs\u00e9g\",\"publisher\":{\"@id\":\"https:\\\/\\\/karitativ.hu\\\/#organization\"},\"potentialAction\":[{\"@type\":\"SearchAction\",\"target\":{\"@type\":\"EntryPoint\",\"urlTemplate\":\"https:\\\/\\\/karitativ.hu\\\/?s={search_term_string}\"},\"query-input\":{\"@type\":\"PropertyValueSpecification\",\"valueRequired\":true,\"valueName\":\"search_term_string\"}}],\"inLanguage\":\"en-US\"},{\"@type\":\"Organization\",\"@id\":\"https:\\\/\\\/karitativ.hu\\\/#organization\",\"name\":\"\u00c9telt az \u00c9let\u00e9rt \u2013 Testi-lelki eg\u00e9szs\u00e9g - Budapest\",\"url\":\"https:\\\/\\\/karitativ.hu\\\/\",\"logo\":{\"@type\":\"ImageObject\",\"inLanguage\":\"en-US\",\"@id\":\"https:\\\/\\\/karitativ.hu\\\/#\\\/schema\\\/logo\\\/image\\\/\",\"url\":\"https:\\\/\\\/karitativ.hu\\\/wp-content\\\/uploads\\\/2024\\\/04\\\/FFL-logo-final-2023.png\",\"contentUrl\":\"https:\\\/\\\/karitativ.hu\\\/wp-content\\\/uploads\\\/2024\\\/04\\\/FFL-logo-final-2023.png\",\"width\":1439,\"height\":1742,\"caption\":\"\u00c9telt az \u00c9let\u00e9rt \u2013 Testi-lelki eg\u00e9szs\u00e9g - Budapest\"},\"image\":{\"@id\":\"https:\\\/\\\/karitativ.hu\\\/#\\\/schema\\\/logo\\\/image\\\/\"},\"sameAs\":[\"https:\\\/\\\/facebook.com\\\/etelosztas\"]}]}<\/script>\n<!-- \/ Yoast SEO Premium plugin. -->","yoast_head_json":{"title":"Adom\u00e1nyozz Te is! - Har\u00e9 Krisna \u00c9telt az \u00c9let\u00e9rt Misszi\u00f3","robots":{"index":"index","follow":"follow","max-snippet":"max-snippet:-1","max-image-preview":"max-image-preview:large","max-video-preview":"max-video-preview:-1"},"canonical":"https:\/\/karitativ.hu\/en\/adomanyozas\/","og_locale":"en_US","og_type":"article","og_title":"Adom\u00e1nyozz Te is!","og_description":"Our Team Az \u00c9tel \u00c9let. A Te seg\u00edts\u00e9geddel adjuk! T\u00f6bb mint 30 \u00e9ve elk\u00f6telezettek vagyunk a h\u00e1tr\u00e1nyos helyzetben \u00e9l\u0151k &#8211; r\u00e1szorul\u00f3 csal\u00e1dok, neh\u00e9z sors\u00fa id\u0151sek, mag\u00e1nyosan, szeg\u00e9nyen \u00e9l\u0151k \u00e9tkeztet\u00e9s\u00e9ben, akiket meleg \u00e9tellel \u00e9s tart\u00f3s \u00e9lelmiszercsomagokkal seg\u00edt\u00fcnk. Tavaly Kar\u00e1csonykor 6.000 adag \u00e9telt osztottunk ki ORSZ\u00c1GSZERTE \u2013 mindezt az egy\u00e9ni adom\u00e1nyoz\u00f3k nagylelk\u0171 t\u00e1mogat\u00e1s\u00e1nak k\u00f6sz\u00f6nhet\u0151en. C\u00e9lunk, hogy az [&hellip;]","og_url":"https:\/\/karitativ.hu\/en\/adomanyozas\/","og_site_name":"Har\u00e9 Krisna \u00c9telt az \u00c9let\u00e9rt Misszi\u00f3","article_publisher":"https:\/\/facebook.com\/etelosztas","article_modified_time":"2024-12-14T12:50:59+00:00","og_image":[{"url":"https:\/\/karitativ.hu\/wp-content\/uploads\/elementor\/thumbs\/464312275_944781137683176_3412796383177974575_n-qw11v5c1kdzyawh7xyl6c4y81ge2fzes0vsiz7k8z4.jpg","type":"","width":"","height":""}],"twitter_card":"summary_large_image","twitter_misc":{"Est. reading time":"5 minutes"},"schema":{"@context":"https:\/\/schema.org","@graph":[{"@type":"WebPage","@id":"https:\/\/karitativ.hu\/adomanyozas\/","url":"https:\/\/karitativ.hu\/adomanyozas\/","name":"Adom\u00e1nyozz Te is! - Har\u00e9 Krisna \u00c9telt az \u00c9let\u00e9rt Misszi\u00f3","isPartOf":{"@id":"https:\/\/karitativ.hu\/#website"},"primaryImageOfPage":{"@id":"https:\/\/karitativ.hu\/adomanyozas\/#primaryimage"},"image":{"@id":"https:\/\/karitativ.hu\/adomanyozas\/#primaryimage"},"thumbnailUrl":"https:\/\/karitativ.hu\/wp-content\/uploads\/elementor\/thumbs\/464312275_944781137683176_3412796383177974575_n-qw11v5c1kdzyawh7xyl6c4y81ge2fzes0vsiz7k8z4.jpg","datePublished":"2024-10-03T09:41:48+00:00","dateModified":"2024-12-14T12:50:59+00:00","breadcrumb":{"@id":"https:\/\/karitativ.hu\/adomanyozas\/#breadcrumb"},"inLanguage":"en-US","potentialAction":[{"@type":"ReadAction","target":["https:\/\/karitativ.hu\/adomanyozas\/"]}]},{"@type":"ImageObject","inLanguage":"en-US","@id":"https:\/\/karitativ.hu\/adomanyozas\/#primaryimage","url":"https:\/\/karitativ.hu\/wp-content\/uploads\/elementor\/thumbs\/464312275_944781137683176_3412796383177974575_n-qw11v5c1kdzyawh7xyl6c4y81ge2fzes0vsiz7k8z4.jpg","contentUrl":"https:\/\/karitativ.hu\/wp-content\/uploads\/elementor\/thumbs\/464312275_944781137683176_3412796383177974575_n-qw11v5c1kdzyawh7xyl6c4y81ge2fzes0vsiz7k8z4.jpg"},{"@type":"BreadcrumbList","@id":"https:\/\/karitativ.hu\/adomanyozas\/#breadcrumb","itemListElement":[{"@type":"ListItem","position":1,"name":"Kezd\u0151lap","item":"https:\/\/karitativ.hu\/"},{"@type":"ListItem","position":2,"name":"Adom\u00e1nyozz Te is!"}]},{"@type":"WebSite","@id":"https:\/\/karitativ.hu\/#website","url":"https:\/\/karitativ.hu\/","name":"Food for Life - Physical and mental health - Budapest","description":"- Physical and mental health","publisher":{"@id":"https:\/\/karitativ.hu\/#organization"},"potentialAction":[{"@type":"SearchAction","target":{"@type":"EntryPoint","urlTemplate":"https:\/\/karitativ.hu\/?s={search_term_string}"},"query-input":{"@type":"PropertyValueSpecification","valueRequired":true,"valueName":"search_term_string"}}],"inLanguage":"en-US"},{"@type":"Organization","@id":"https:\/\/karitativ.hu\/#organization","name":"Food for Life - Physical and mental health - Budapest","url":"https:\/\/karitativ.hu\/","logo":{"@type":"ImageObject","inLanguage":"en-US","@id":"https:\/\/karitativ.hu\/#\/schema\/logo\/image\/","url":"https:\/\/karitativ.hu\/wp-content\/uploads\/2024\/04\/FFL-logo-final-2023.png","contentUrl":"https:\/\/karitativ.hu\/wp-content\/uploads\/2024\/04\/FFL-logo-final-2023.png","width":1439,"height":1742,"caption":"\u00c9telt az \u00c9let\u00e9rt \u2013 Testi-lelki eg\u00e9szs\u00e9g - Budapest"},"image":{"@id":"https:\/\/karitativ.hu\/#\/schema\/logo\/image\/"},"sameAs":["https:\/\/facebook.com\/etelosztas"]}]}},"campaignId":"","_links":{"self":[{"href":"https:\/\/karitativ.hu\/en\/wp-json\/wp\/v2\/pages\/8482","targetHints":{"allow":["GET"]}}],"collection":[{"href":"https:\/\/karitativ.hu\/en\/wp-json\/wp\/v2\/pages"}],"about":[{"href":"https:\/\/karitativ.hu\/en\/wp-json\/wp\/v2\/types\/page"}],"author":[{"embeddable":true,"href":"https:\/\/karitativ.hu\/en\/wp-json\/wp\/v2\/users\/2"}],"replies":[{"embeddable":true,"href":"https:\/\/karitativ.hu\/en\/wp-json\/wp\/v2\/comments?post=8482"}],"version-history":[{"count":0,"href":"https:\/\/karitativ.hu\/en\/wp-json\/wp\/v2\/pages\/8482\/revisions"}],"wp:attachment":[{"href":"https:\/\/karitativ.hu\/en\/wp-json\/wp\/v2\/media?parent=8482"}],"curies":[{"name":"wp","href":"https:\/\/api.w.org\/{rel}","templated":true}]}}